{"id":594,"date":"2018-09-28T18:54:33","date_gmt":"2018-09-28T18:54:33","guid":{"rendered":"http:\/\/alpine-mineralien.de\/?page_id=594"},"modified":"2025-01-24T17:13:26","modified_gmt":"2025-01-24T17:13:26","slug":"zu-den-mineralien","status":"publish","type":"page","link":"http:\/\/alpine-mineralien.de\/?page_id=594","title":{"rendered":"Zu den Mineralien"},"content":{"rendered":"<p><strong>Edelsteine<\/strong><\/p>\n<div id='gallery-1' class='gallery galleryid-594 gallery-columns-3 gallery-size-full'><figure class='gallery-item'>\n\t\t\t<div class='gallery-icon portrait'>\n\t\t\t\t<a href='http:\/\/alpine-mineralien.de\/wp-content\/uploads\/2018\/09\/SMALL_PREVIEW_111235692741762.jpg'><img width=\"150\" height=\"200\" src=\"http:\/\/alpine-mineralien.de\/wp-content\/uploads\/2018\/09\/SMALL_PREVIEW_111235692741762.jpg\" class=\"attachment-full size-full\" alt=\"\" loading=\"lazy\" sizes=\"100vw\" \/><\/a>\n\t\t\t<\/div><\/figure><figure class='gallery-item'>\n\t\t\t<div class='gallery-icon portrait'>\n\t\t\t\t<a href='http:\/\/alpine-mineralien.de\/wp-content\/uploads\/2018\/09\/SMALL_PREVIEW_112073475419941.jpg'><img width=\"150\" height=\"200\" src=\"http:\/\/alpine-mineralien.de\/wp-content\/uploads\/2018\/09\/SMALL_PREVIEW_112073475419941.jpg\" class=\"attachment-full size-full\" alt=\"\" loading=\"lazy\" sizes=\"100vw\" \/><\/a>\n\t\t\t<\/div><\/figure><figure class='gallery-item'>\n\t\t\t<div class='gallery-icon portrait'>\n\t\t\t\t<a href='http:\/\/alpine-mineralien.de\/wp-content\/uploads\/2018\/09\/SMALL_PREVIEW_1226257617535539.jpg'><img width=\"150\" height=\"200\" src=\"http:\/\/alpine-mineralien.de\/wp-content\/uploads\/2018\/09\/SMALL_PREVIEW_1226257617535539.jpg\" class=\"attachment-full size-full\" alt=\"\" loading=\"lazy\" sizes=\"100vw\" \/><\/a>\n\t\t\t<\/div><\/figure>\n\t\t<\/div>\n\n<p>Kristalle , Stufen und geschliffene Steine aus aller Welt<\/p>\n<p>&#8211; Gem specimens &amp; cut stones worldwide<\/p>\n<hr \/>\n<p><a href=\"http:\/\/alpine-mineralien.de\/?page_id=427\"><strong>Neuheiten aus Tucson \/ Tucson Show News<\/strong><\/a><\/p>\n<div id='gallery-2' class='gallery galleryid-594 gallery-columns-3 gallery-size-full'><figure class='gallery-item'>\n\t\t\t<div class='gallery-icon landscape'>\n\t\t\t\t<a href='http:\/\/alpine-mineralien.de\/wp-content\/uploads\/2018\/09\/SMALL_PREVIEW_145461648547529.jpg'><img width=\"200\" height=\"150\" src=\"http:\/\/alpine-mineralien.de\/wp-content\/uploads\/2018\/09\/SMALL_PREVIEW_145461648547529.jpg\" class=\"attachment-full size-full\" alt=\"\" loading=\"lazy\" sizes=\"100vw\" \/><\/a>\n\t\t\t<\/div><\/figure><figure class='gallery-item'>\n\t\t\t<div class='gallery-icon landscape'>\n\t\t\t\t<a href='http:\/\/alpine-mineralien.de\/wp-content\/uploads\/2018\/09\/SMALL_PREVIEW_1487795558839137.jpg'><img width=\"200\" height=\"150\" src=\"http:\/\/alpine-mineralien.de\/wp-content\/uploads\/2018\/09\/SMALL_PREVIEW_1487795558839137.jpg\" class=\"attachment-full size-full\" alt=\"\" loading=\"lazy\" sizes=\"100vw\" \/><\/a>\n\t\t\t<\/div><\/figure><figure class='gallery-item'>\n\t\t\t<div class='gallery-icon landscape'>\n\t\t\t\t<a href='http:\/\/alpine-mineralien.de\/wp-content\/uploads\/2018\/09\/SMALL_PREVIEW_1487879655223170.jpg'><img width=\"200\" height=\"150\" src=\"http:\/\/alpine-mineralien.de\/wp-content\/uploads\/2018\/09\/SMALL_PREVIEW_1487879655223170.jpg\" class=\"attachment-full size-full\" alt=\"\" loading=\"lazy\" sizes=\"100vw\" \/><\/a>\n\t\t\t<\/div><\/figure>\n\t\t<\/div>\n\n<p>Neue Mineralien von der gr\u00f6\u00dften Messe der Welt<\/p>\n<p>New specimens from the worlds biggest show<\/p>\n<hr \/>\n<p><a href=\"http:\/\/alpine-mineralien.de\/?page_id=649\"><strong>Alpine Mineralien \/ Alpine Minerals<\/strong><\/a><\/p>\n<div id='gallery-3' class='gallery galleryid-594 gallery-columns-3 gallery-size-full'><figure class='gallery-item'>\n\t\t\t<div class='gallery-icon portrait'>\n\t\t\t\t<a href='http:\/\/alpine-mineralien.de\/wp-content\/uploads\/2018\/09\/SMALL_PREVIEW_111047165106950.jpg'><img width=\"150\" height=\"200\" src=\"http:\/\/alpine-mineralien.de\/wp-content\/uploads\/2018\/09\/SMALL_PREVIEW_111047165106950.jpg\" class=\"attachment-full size-full\" alt=\"\" loading=\"lazy\" sizes=\"100vw\" \/><\/a>\n\t\t\t<\/div><\/figure><figure class='gallery-item'>\n\t\t\t<div class='gallery-icon landscape'>\n\t\t\t\t<a href='http:\/\/alpine-mineralien.de\/wp-content\/uploads\/2018\/09\/SMALL_PREVIEW_1110570240733239.jpg'><img width=\"200\" height=\"150\" src=\"http:\/\/alpine-mineralien.de\/wp-content\/uploads\/2018\/09\/SMALL_PREVIEW_1110570240733239.jpg\" class=\"attachment-full size-full\" alt=\"\" loading=\"lazy\" sizes=\"100vw\" \/><\/a>\n\t\t\t<\/div><\/figure><figure class='gallery-item'>\n\t\t\t<div class='gallery-icon landscape'>\n\t\t\t\t<a href='http:\/\/alpine-mineralien.de\/wp-content\/uploads\/2018\/09\/SMALL_PREVIEW_1291839885535887.jpg'><img width=\"200\" height=\"150\" src=\"http:\/\/alpine-mineralien.de\/wp-content\/uploads\/2018\/09\/SMALL_PREVIEW_1291839885535887.jpg\" class=\"attachment-full size-full\" alt=\"\" loading=\"lazy\" sizes=\"100vw\" \/><\/a>\n\t\t\t<\/div><\/figure>\n\t\t<\/div>\n\n<p>Mineralien aus der Schweiz, \u00d6sterreich, Italien und Frankreich.<\/p>\n<p>&#8211; Specimens from the european alps (Switzerland, France, Austria, Italy).<\/p>\n<hr \/>\n<p><a href=\"http:\/\/alpine-mineralien.de\/?page_id=224\"><strong>Neuheiten von der Show in St. Marie-aux Mines<\/strong><\/a><\/p>\n<div id='gallery-4' class='gallery galleryid-594 gallery-columns-3 gallery-size-full'><figure class='gallery-item'>\n\t\t\t<div class='gallery-icon landscape'>\n\t\t\t\t<a href='http:\/\/alpine-mineralien.de\/wp-content\/uploads\/2018\/09\/SMALL_PREVIEW_134246195179911.jpg'><img width=\"200\" height=\"150\" src=\"http:\/\/alpine-mineralien.de\/wp-content\/uploads\/2018\/09\/SMALL_PREVIEW_134246195179911.jpg\" class=\"attachment-full size-full\" alt=\"\" loading=\"lazy\" sizes=\"100vw\" \/><\/a>\n\t\t\t<\/div><\/figure><figure class='gallery-item'>\n\t\t\t<div class='gallery-icon landscape'>\n\t\t\t\t<a href='http:\/\/alpine-mineralien.de\/wp-content\/uploads\/2018\/09\/SMALL_PREVIEW_1120821323429119.jpg'><img width=\"200\" height=\"150\" src=\"http:\/\/alpine-mineralien.de\/wp-content\/uploads\/2018\/09\/SMALL_PREVIEW_1120821323429119.jpg\" class=\"attachment-full size-full\" alt=\"\" loading=\"lazy\" sizes=\"100vw\" \/><\/a>\n\t\t\t<\/div><\/figure><figure class='gallery-item'>\n\t\t\t<div class='gallery-icon landscape'>\n\t\t\t\t<a href='http:\/\/alpine-mineralien.de\/wp-content\/uploads\/2018\/09\/SMALL_PREVIEW_1373957193898206.jpg'><img width=\"200\" height=\"150\" src=\"http:\/\/alpine-mineralien.de\/wp-content\/uploads\/2018\/09\/SMALL_PREVIEW_1373957193898206.jpg\" class=\"attachment-full size-full\" alt=\"\" loading=\"lazy\" sizes=\"100vw\" \/><\/a>\n\t\t\t<\/div><\/figure>\n\t\t<\/div>\n\n<p>Neue Mineralien von der Messe aus dem Elsass &#8211; einer der gr\u00f6\u00dften Veranstaltungen Europas.<\/p>\n<p>&#8211; New specimens from one of Europes biggest shows<\/p>\n<hr \/>\n<p><a href=\"http:\/\/alpine-mineralien.de\/?page_id=984\"><strong>Fluorit \/ Fluorite<\/strong><\/a><\/p>\n<div id='gallery-5' class='gallery galleryid-594 gallery-columns-3 gallery-size-full'><figure class='gallery-item'>\n\t\t\t<div class='gallery-icon landscape'>\n\t\t\t\t<a href='http:\/\/alpine-mineralien.de\/wp-content\/uploads\/2018\/09\/SMALL_PREVIEW_1133444310730152.jpg'><img width=\"200\" height=\"150\" src=\"http:\/\/alpine-mineralien.de\/wp-content\/uploads\/2018\/09\/SMALL_PREVIEW_1133444310730152.jpg\" class=\"attachment-full size-full\" alt=\"\" loading=\"lazy\" sizes=\"100vw\" \/><\/a>\n\t\t\t<\/div><\/figure><figure class='gallery-item'>\n\t\t\t<div class='gallery-icon portrait'>\n\t\t\t\t<a href='http:\/\/alpine-mineralien.de\/wp-content\/uploads\/2018\/09\/SMALL_PREVIEW_1335894525852131.jpg'><img width=\"150\" height=\"200\" src=\"http:\/\/alpine-mineralien.de\/wp-content\/uploads\/2018\/09\/SMALL_PREVIEW_1335894525852131.jpg\" class=\"attachment-full size-full\" alt=\"\" loading=\"lazy\" sizes=\"100vw\" \/><\/a>\n\t\t\t<\/div><\/figure><figure class='gallery-item'>\n\t\t\t<div class='gallery-icon landscape'>\n\t\t\t\t<a href='http:\/\/alpine-mineralien.de\/wp-content\/uploads\/2018\/09\/SMALL_PREVIEW_1374087146962269.jpg'><img width=\"200\" height=\"150\" src=\"http:\/\/alpine-mineralien.de\/wp-content\/uploads\/2018\/09\/SMALL_PREVIEW_1374087146962269.jpg\" class=\"attachment-full size-full\" alt=\"\" loading=\"lazy\" sizes=\"100vw\" \/><\/a>\n\t\t\t<\/div><\/figure>\n\t\t<\/div>\n\n<p>Vielf\u00e4ltig bei Farben &amp; Formen &#8211; das Lieblingsmineral vieler Sammler!<\/p>\n<p>&#8211; Fluorite is the favourite mineral of many collectors.<\/p>\n<hr \/>\n<p><a href=\"http:\/\/alpine-mineralien.de\/?page_id=1077\"><strong>Mineralientage M\u00fcnchen NEWS<\/strong><\/a><\/p>\n<div id='gallery-6' class='gallery galleryid-594 gallery-columns-3 gallery-size-full'><figure class='gallery-item'>\n\t\t\t<div class='gallery-icon landscape'>\n\t\t\t\t<a href='http:\/\/alpine-mineralien.de\/wp-content\/uploads\/2018\/09\/SMALL_PREVIEW_15119857845992.jpg'><img width=\"200\" height=\"150\" src=\"http:\/\/alpine-mineralien.de\/wp-content\/uploads\/2018\/09\/SMALL_PREVIEW_15119857845992.jpg\" class=\"attachment-full size-full\" alt=\"\" loading=\"lazy\" sizes=\"100vw\" \/><\/a>\n\t\t\t<\/div><\/figure><figure class='gallery-item'>\n\t\t\t<div class='gallery-icon landscape'>\n\t\t\t\t<a href='http:\/\/alpine-mineralien.de\/wp-content\/uploads\/2018\/09\/SMALL_PREVIEW_1383769664622143.jpg'><img width=\"200\" height=\"150\" src=\"http:\/\/alpine-mineralien.de\/wp-content\/uploads\/2018\/09\/SMALL_PREVIEW_1383769664622143.jpg\" class=\"attachment-full size-full\" alt=\"\" loading=\"lazy\" sizes=\"100vw\" \/><\/a>\n\t\t\t<\/div><\/figure><figure class='gallery-item'>\n\t\t\t<div class='gallery-icon portrait'>\n\t\t\t\t<a href='http:\/\/alpine-mineralien.de\/wp-content\/uploads\/2018\/09\/SMALL_PREVIEW_1448311687075209.jpg'><img width=\"150\" height=\"200\" src=\"http:\/\/alpine-mineralien.de\/wp-content\/uploads\/2018\/09\/SMALL_PREVIEW_1448311687075209.jpg\" class=\"attachment-full size-full\" alt=\"\" loading=\"lazy\" sizes=\"100vw\" \/><\/a>\n\t\t\t<\/div><\/figure>\n\t\t<\/div>\n\n<p>Neuheiten von der gr\u00f6\u00dften Mineralienmesse Europas.<\/p>\n<p>News and specimens from europe`s biggest show.<\/p>\n<hr \/>\n<p><a href=\"http:\/\/alpine-mineralien.de\/?page_id=1433\"><strong>Wulfenit \/ Wulfenite<\/strong><\/a><\/p>\n<div id='gallery-7' class='gallery galleryid-594 gallery-columns-3 gallery-size-full'><figure class='gallery-item'>\n\t\t\t<div class='gallery-icon portrait'>\n\t\t\t\t<a href='http:\/\/alpine-mineralien.de\/wp-content\/uploads\/2018\/09\/SMALL_PREVIEW_117390461298823.jpg'><img width=\"150\" height=\"200\" src=\"http:\/\/alpine-mineralien.de\/wp-content\/uploads\/2018\/09\/SMALL_PREVIEW_117390461298823.jpg\" class=\"attachment-full size-full\" alt=\"\" loading=\"lazy\" sizes=\"100vw\" \/><\/a>\n\t\t\t<\/div><\/figure><figure class='gallery-item'>\n\t\t\t<div class='gallery-icon landscape'>\n\t\t\t\t<a href='http:\/\/alpine-mineralien.de\/wp-content\/uploads\/2018\/09\/SMALL_PREVIEW_1137677678857314.jpg'><img width=\"200\" height=\"150\" src=\"http:\/\/alpine-mineralien.de\/wp-content\/uploads\/2018\/09\/SMALL_PREVIEW_1137677678857314.jpg\" class=\"attachment-full size-full\" alt=\"\" loading=\"lazy\" sizes=\"100vw\" \/><\/a>\n\t\t\t<\/div><\/figure><figure class='gallery-item'>\n\t\t\t<div class='gallery-icon landscape'>\n\t\t\t\t<a href='http:\/\/alpine-mineralien.de\/wp-content\/uploads\/2018\/09\/SMALL_PREVIEW_1138370597882350.jpg'><img width=\"200\" height=\"150\" src=\"http:\/\/alpine-mineralien.de\/wp-content\/uploads\/2018\/09\/SMALL_PREVIEW_1138370597882350.jpg\" class=\"attachment-full size-full\" alt=\"\" loading=\"lazy\" sizes=\"100vw\" \/><\/a>\n\t\t\t<\/div><\/figure>\n\t\t<\/div>\n\n<p>Grandiose Farben, exotische Fundorte + perfekte Stufen machen Wulfenit zu einem Traummineral !<\/p>\n<p>Great colours, rare localities and fine specimens makes wulfenite a collectors favourite !<\/p>\n<hr \/>\n<p><a href=\"http:\/\/alpine-mineralien.de\/?page_id=1457\"><strong>H\u00f6hlenperlen \/ Bird`s Nest<\/strong><\/a><\/p>\n<div id='gallery-8' class='gallery galleryid-594 gallery-columns-3 gallery-size-full'><figure class='gallery-item'>\n\t\t\t<div class='gallery-icon landscape'>\n\t\t\t\t<a href='http:\/\/alpine-mineralien.de\/wp-content\/uploads\/2018\/09\/SMALL_PREVIEW_11425841409892.jpg'><img width=\"200\" height=\"150\" src=\"http:\/\/alpine-mineralien.de\/wp-content\/uploads\/2018\/09\/SMALL_PREVIEW_11425841409892.jpg\" class=\"attachment-full size-full\" alt=\"\" loading=\"lazy\" sizes=\"100vw\" \/><\/a>\n\t\t\t<\/div><\/figure><figure class='gallery-item'>\n\t\t\t<div class='gallery-icon landscape'>\n\t\t\t\t<a href='http:\/\/alpine-mineralien.de\/wp-content\/uploads\/2018\/09\/SMALL_PREVIEW_11445845355938.jpg'><img width=\"200\" height=\"150\" src=\"http:\/\/alpine-mineralien.de\/wp-content\/uploads\/2018\/09\/SMALL_PREVIEW_11445845355938.jpg\" class=\"attachment-full size-full\" alt=\"\" loading=\"lazy\" sizes=\"100vw\" \/><\/a>\n\t\t\t<\/div><\/figure><figure class='gallery-item'>\n\t\t\t<div class='gallery-icon landscape'>\n\t\t\t\t<a href='http:\/\/alpine-mineralien.de\/wp-content\/uploads\/2018\/09\/SMALL_PREVIEW_1144785290155149.jpg'><img width=\"200\" height=\"150\" src=\"http:\/\/alpine-mineralien.de\/wp-content\/uploads\/2018\/09\/SMALL_PREVIEW_1144785290155149.jpg\" class=\"attachment-full size-full\" alt=\"\" loading=\"lazy\" sizes=\"100vw\" \/><\/a>\n\t\t\t<\/div><\/figure>\n\t\t<\/div>\n\n<p>H\u00f6hlenperlen aus dem ehemaligen Richelsdorfer Bergbau. Funde von 1977 &#8211; 1979 mit hervorragenden &#8222;Vogelnestern&#8220; mit H\u00f6hlenperlen. Das wohl jemals gezeigte gr\u00f6\u00dfte Angebot.<\/p>\n<p>Nichts verpassen und am besten den Newsletter abbonieren.<\/p>\n<p>NEU : Newsletter Abbonenten erhalten 10 % Nachlass auf alle Angebote (au\u00dfer mit &#8222;Net&#8220; gekennzeichnet)<\/p>\n<p>Bird`s Nest with cave perls from the middle age Richelsdorf \/ Germany mining area. Collected in the late 1970` s we will prasentate the biggest ever seen offer of Bird` Nests in high quality.<\/p>\n<p>Don`t \u00b4miss it &#8211; click on the NEWSLETTER button and you will get the birds nests automatically.<\/p>\n<p>NEW: only to newsletter clients we will give a 10 % discount.<\/p>\n<hr \/>\n<p><a href=\"http:\/\/alpine-mineralien.de\/?page_id=1483\"><strong>Apatit<\/strong><\/a><\/p>\n<div id='gallery-9' class='gallery galleryid-594 gallery-columns-3 gallery-size-full'><figure class='gallery-item'>\n\t\t\t<div class='gallery-icon portrait'>\n\t\t\t\t<a href='http:\/\/alpine-mineralien.de\/wp-content\/uploads\/2018\/09\/SMALL_PREVIEW_11416468491985.jpg'><img width=\"150\" height=\"200\" src=\"http:\/\/alpine-mineralien.de\/wp-content\/uploads\/2018\/09\/SMALL_PREVIEW_11416468491985.jpg\" class=\"attachment-full size-full\" alt=\"\" loading=\"lazy\" sizes=\"100vw\" \/><\/a>\n\t\t\t<\/div><\/figure><figure class='gallery-item'>\n\t\t\t<div class='gallery-icon landscape'>\n\t\t\t\t<a href='http:\/\/alpine-mineralien.de\/wp-content\/uploads\/2018\/09\/SMALL_PREVIEW_114164738143432.jpg'><img width=\"200\" height=\"150\" src=\"http:\/\/alpine-mineralien.de\/wp-content\/uploads\/2018\/09\/SMALL_PREVIEW_114164738143432.jpg\" class=\"attachment-full size-full\" alt=\"\" loading=\"lazy\" sizes=\"100vw\" \/><\/a>\n\t\t\t<\/div><\/figure><figure class='gallery-item'>\n\t\t\t<div class='gallery-icon landscape'>\n\t\t\t\t<a href='http:\/\/alpine-mineralien.de\/wp-content\/uploads\/2018\/09\/SMALL_PREVIEW_121586219169598.jpg'><img width=\"200\" height=\"150\" src=\"http:\/\/alpine-mineralien.de\/wp-content\/uploads\/2018\/09\/SMALL_PREVIEW_121586219169598.jpg\" class=\"attachment-full size-full\" alt=\"\" loading=\"lazy\" sizes=\"100vw\" \/><\/a>\n\t\t\t<\/div><\/figure>\n\t\t<\/div>\n\n<p>Brandneu + au\u00dfergew\u00f6hnlich: Hydroxylapatit xx !<\/p>\n<p>NEW + unusual : Hydroyl-Apatite xx !<\/p>\n<hr \/>\n<p><a href=\"http:\/\/alpine-mineralien.de\/?page_id=1494\"><strong>\u00c4ltere B\u00f6rsendokumentationen \/ Older Show Reports<\/strong><\/a><\/p>\n<div id='gallery-10' class='gallery galleryid-594 gallery-columns-3 gallery-size-full'><figure class='gallery-item'>\n\t\t\t<div class='gallery-icon landscape'>\n\t\t\t\t<a href='http:\/\/alpine-mineralien.de\/wp-content\/uploads\/2018\/09\/SMALL_PREVIEW_12146489056855.jpg'><img width=\"200\" height=\"150\" src=\"http:\/\/alpine-mineralien.de\/wp-content\/uploads\/2018\/09\/SMALL_PREVIEW_12146489056855.jpg\" class=\"attachment-full size-full\" alt=\"\" loading=\"lazy\" sizes=\"100vw\" \/><\/a>\n\t\t\t<\/div><\/figure><figure class='gallery-item'>\n\t\t\t<div class='gallery-icon landscape'>\n\t\t\t\t<a href='http:\/\/alpine-mineralien.de\/wp-content\/uploads\/2018\/09\/SMALL_PREVIEW_1220815801212212.jpg'><img width=\"200\" height=\"150\" src=\"http:\/\/alpine-mineralien.de\/wp-content\/uploads\/2018\/09\/SMALL_PREVIEW_1220815801212212.jpg\" class=\"attachment-full size-full\" alt=\"\" loading=\"lazy\" sizes=\"100vw\" \/><\/a>\n\t\t\t<\/div><\/figure><figure class='gallery-item'>\n\t\t\t<div class='gallery-icon landscape'>\n\t\t\t\t<a href='http:\/\/alpine-mineralien.de\/wp-content\/uploads\/2018\/09\/SMALL_PREVIEW_1340652354829260.jpg'><img width=\"200\" height=\"150\" src=\"http:\/\/alpine-mineralien.de\/wp-content\/uploads\/2018\/09\/SMALL_PREVIEW_1340652354829260.jpg\" class=\"attachment-full size-full\" alt=\"\" loading=\"lazy\" sizes=\"100vw\" \/><\/a>\n\t\t\t<\/div><\/figure>\n\t\t<\/div>\n\n<p>Fotoeindr\u00fccke vergangener B\u00f6rsen und Messen<\/p>\n<p>Images from former shows<\/p>\n<hr \/>\n<p><a href=\"http:\/\/alpine-mineralien.de\/?page_id=2366\"><strong>Sonderangebote \/ Special Offers &#8211; 50%<\/strong><\/a><\/p>\n<div id='gallery-11' class='gallery galleryid-594 gallery-columns-3 gallery-size-full'><figure class='gallery-item'>\n\t\t\t<div class='gallery-icon landscape'>\n\t\t\t\t<a href='http:\/\/alpine-mineralien.de\/wp-content\/uploads\/2018\/09\/SMALL_PREVIEW_111046828154311.jpg'><img width=\"200\" height=\"150\" src=\"http:\/\/alpine-mineralien.de\/wp-content\/uploads\/2018\/09\/SMALL_PREVIEW_111046828154311.jpg\" class=\"attachment-full size-full\" alt=\"\" loading=\"lazy\" sizes=\"100vw\" \/><\/a>\n\t\t\t<\/div><\/figure><figure class='gallery-item'>\n\t\t\t<div class='gallery-icon landscape'>\n\t\t\t\t<a href='http:\/\/alpine-mineralien.de\/wp-content\/uploads\/2018\/09\/SMALL_PREVIEW_133580352661777.jpg'><img width=\"200\" height=\"150\" src=\"http:\/\/alpine-mineralien.de\/wp-content\/uploads\/2018\/09\/SMALL_PREVIEW_133580352661777.jpg\" class=\"attachment-full size-full\" alt=\"\" loading=\"lazy\" sizes=\"100vw\" \/><\/a>\n\t\t\t<\/div><\/figure><figure class='gallery-item'>\n\t\t\t<div class='gallery-icon landscape'>\n\t\t\t\t<a href='http:\/\/alpine-mineralien.de\/wp-content\/uploads\/2018\/09\/SMALL_PREVIEW_1137594065148272.jpg'><img width=\"200\" height=\"150\" src=\"http:\/\/alpine-mineralien.de\/wp-content\/uploads\/2018\/09\/SMALL_PREVIEW_1137594065148272.jpg\" class=\"attachment-full size-full\" alt=\"\" loading=\"lazy\" sizes=\"100vw\" \/><\/a>\n\t\t\t<\/div><\/figure>\n\t\t<\/div>\n\n<p>Wir brauchen Platz ! Daher gew\u00e4hren wir auf die angegebenen Preise einen Nachlass von 50 % ! Bei Kauf von drei oder mehr Stufen zahlen Sie kein Porto (gilt nur innerhalb Europa &#8211; nach USA und restliche L\u00e4nder nur 1\/2 Portokosten.<\/p>\n<p>_____________________________________________________________<\/p>\n<p>Help &#8211; we are sinking ! We need space for new minerals, so we reduce items in this category 50 % ! If you buy three or more items you pay NO shipping (only within Europe &#8211; to US+ rest of the world only 1\/2 shipping costs). Take that chance !<\/p>\n<hr \/>\n<p><a href=\"http:\/\/alpine-mineralien.de\/?page_id=2450\"><strong>Best of &#8230; &#8211; Hall of fame<\/strong><\/a><\/p>\n<div id='gallery-12' class='gallery galleryid-594 gallery-columns-3 gallery-size-full'><figure class='gallery-item'>\n\t\t\t<div class='gallery-icon landscape'>\n\t\t\t\t<a href='http:\/\/alpine-mineralien.de\/wp-content\/uploads\/2018\/09\/SMALL_PREVIEW_112074167980783.jpg'><img width=\"200\" height=\"150\" src=\"http:\/\/alpine-mineralien.de\/wp-content\/uploads\/2018\/09\/SMALL_PREVIEW_112074167980783.jpg\" class=\"attachment-full size-full\" alt=\"\" loading=\"lazy\" sizes=\"100vw\" \/><\/a>\n\t\t\t<\/div><\/figure><figure class='gallery-item'>\n\t\t\t<div class='gallery-icon portrait'>\n\t\t\t\t<a href='http:\/\/alpine-mineralien.de\/wp-content\/uploads\/2018\/09\/SMALL_PREVIEW_1415803430498203.jpg'><img width=\"150\" height=\"200\" src=\"http:\/\/alpine-mineralien.de\/wp-content\/uploads\/2018\/09\/SMALL_PREVIEW_1415803430498203.jpg\" class=\"attachment-full size-full\" alt=\"\" loading=\"lazy\" sizes=\"100vw\" \/><\/a>\n\t\t\t<\/div><\/figure><figure class='gallery-item'>\n\t\t\t<div class='gallery-icon landscape'>\n\t\t\t\t<a href='http:\/\/alpine-mineralien.de\/wp-content\/uploads\/2018\/09\/SMALL_PREVIEW_1415804606649233.jpg'><img width=\"200\" height=\"150\" src=\"http:\/\/alpine-mineralien.de\/wp-content\/uploads\/2018\/09\/SMALL_PREVIEW_1415804606649233.jpg\" class=\"attachment-full size-full\" alt=\"\" loading=\"lazy\" sizes=\"100vw\" \/><\/a>\n\t\t\t<\/div><\/figure>\n\t\t<\/div>\n\n<p>Hier werden einige der besten Stufen gezeigt, die wir in den vergangenen Jahren angeboten haben &#8211; einfach nur zum anschauen und genie\u00dfen !<\/p>\n<p>___________________________________________________________<\/p>\n<p>Here you see some of the best specimens we offered in the past &#8211; just for dreaming &amp; enyoing !<\/p>\n<hr \/>\n<p><a href=\"http:\/\/alpine-mineralien.de\/?page_id=2505\"><strong>Sammlungsverkauf<\/strong><\/a><\/p>\n<div id='gallery-13' class='gallery galleryid-594 gallery-columns-3 gallery-size-full'><figure class='gallery-item'>\n\t\t\t<div class='gallery-icon portrait'>\n\t\t\t\t<a href='http:\/\/alpine-mineralien.de\/wp-content\/uploads\/2018\/09\/SMALL_PREVIEW_13993178217682.jpg'><img width=\"150\" height=\"200\" src=\"http:\/\/alpine-mineralien.de\/wp-content\/uploads\/2018\/09\/SMALL_PREVIEW_13993178217682.jpg\" class=\"attachment-full size-full\" alt=\"\" loading=\"lazy\" sizes=\"100vw\" \/><\/a>\n\t\t\t<\/div><\/figure><figure class='gallery-item'>\n\t\t\t<div class='gallery-icon landscape'>\n\t\t\t\t<a href='http:\/\/alpine-mineralien.de\/wp-content\/uploads\/2018\/09\/SMALL_PREVIEW_15310501796542.jpg'><img width=\"200\" height=\"150\" src=\"http:\/\/alpine-mineralien.de\/wp-content\/uploads\/2018\/09\/SMALL_PREVIEW_15310501796542.jpg\" class=\"attachment-full size-full\" alt=\"\" loading=\"lazy\" sizes=\"100vw\" \/><\/a>\n\t\t\t<\/div><\/figure>\n\t\t<\/div>\n\n<p>Hier werden im Kundenauftrag ganze Sammlungen angeboten. Ich bin hier nur Vermittler und gebe die Kontaktdaten der Interessenten an den Eigent\u00fcmer weiter. In der Regel handelt es sich um Sammlungen, die im Erbenauftrag verkauft werden sollen. Weitere Verhandlungen werden direkt mit dem Eigent\u00fcmer gef\u00fchrt. In der Regel gibt eine Sammlungsbewertung dazu.<\/p>\n<hr \/>\n<p><a href=\"http:\/\/alpine-mineralien.de\/?page_id=2546\"><strong>Aktuelle B\u00f6rsenberichte \/ Show News<\/strong><\/a><\/p>\n<div id='gallery-14' class='gallery galleryid-594 gallery-columns-3 gallery-size-full'><figure class='gallery-item'>\n\t\t\t<div class='gallery-icon landscape'>\n\t\t\t\t<a href='http:\/\/alpine-mineralien.de\/wp-content\/uploads\/2018\/09\/SMALL_PREVIEW_15366057185262.jpg'><img width=\"200\" height=\"150\" src=\"http:\/\/alpine-mineralien.de\/wp-content\/uploads\/2018\/09\/SMALL_PREVIEW_15366057185262.jpg\" class=\"attachment-full size-full\" alt=\"\" loading=\"lazy\" sizes=\"100vw\" \/><\/a>\n\t\t\t<\/div><\/figure>\n\t\t<\/div>\n\n<p>Bild- und Textberichte zu aktuellen Mineralienboersen<br \/>\n_______________________________________<\/p>\n<p>Show News from recent mineral shows<\/p>\n<hr \/>\n<p><a href=\"http:\/\/alpine-mineralien.de\/?page_id=2591\"><strong>Greenlaws Mine Project<\/strong><\/a><\/p>\n<div id='gallery-15' class='gallery galleryid-594 gallery-columns-3 gallery-size-full'><figure class='gallery-item'>\n\t\t\t<div class='gallery-icon landscape'>\n\t\t\t\t<a href='http:\/\/alpine-mineralien.de\/wp-content\/uploads\/2018\/09\/SMALL_PREVIEW_146610678127892.jpg'><img width=\"200\" height=\"150\" src=\"http:\/\/alpine-mineralien.de\/wp-content\/uploads\/2018\/09\/SMALL_PREVIEW_146610678127892.jpg\" class=\"attachment-full size-full\" alt=\"\" loading=\"lazy\" sizes=\"100vw\" \/><\/a>\n\t\t\t<\/div><\/figure><figure class='gallery-item'>\n\t\t\t<div class='gallery-icon landscape'>\n\t\t\t\t<a href='http:\/\/alpine-mineralien.de\/wp-content\/uploads\/2018\/09\/SMALL_PREVIEW_1509551187943233.jpg'><img width=\"200\" height=\"150\" src=\"http:\/\/alpine-mineralien.de\/wp-content\/uploads\/2018\/09\/SMALL_PREVIEW_1509551187943233.jpg\" class=\"attachment-full size-full\" alt=\"\" loading=\"lazy\" sizes=\"100vw\" \/><\/a>\n\t\t\t<\/div><\/figure><figure class='gallery-item'>\n\t\t\t<div class='gallery-icon landscape'>\n\t\t\t\t<a href='http:\/\/alpine-mineralien.de\/wp-content\/uploads\/2018\/09\/SMALL_PREVIEW_1509551464732251.jpg'><img width=\"200\" height=\"150\" src=\"http:\/\/alpine-mineralien.de\/wp-content\/uploads\/2018\/09\/SMALL_PREVIEW_1509551464732251.jpg\" class=\"attachment-full size-full\" alt=\"\" loading=\"lazy\" sizes=\"100vw\" \/><\/a>\n\t\t\t<\/div><\/figure>\n\t\t<\/div>\n\n<p>Spektakul\u00e4re Fluorite aus der Greenlaws Mine , Weardale \/ England<\/p>\n","protected":false},"excerpt":{"rendered":"<p>Edelsteine Kristalle , Stufen und geschliffene Steine aus aller Welt &#8211; Gem specimens &amp; cut stones worldwide Neuheiten aus Tucson \/ Tucson Show News Neue Mineralien von der gr\u00f6\u00dften Messe der Welt New specimens from the worlds biggest show Alpine Mineralien \/ Alpine Minerals Mineralien aus der Schweiz, \u00d6sterreich, Italien und Frankreich. &#8211; Specimens from &hellip; <\/p>\n<p class=\"link-more\"><a href=\"http:\/\/alpine-mineralien.de\/?page_id=594\" class=\"more-link\"><span class=\"screen-reader-text\">\u201eZu den Mineralien\u201c<\/span> weiterlesen<\/a><\/p>\n","protected":false},"author":1,"featured_media":0,"parent":0,"menu_order":0,"comment_status":"closed","ping_status":"closed","template":"","meta":[],"_links":{"self":[{"href":"http:\/\/alpine-mineralien.de\/index.php?rest_route=\/wp\/v2\/pages\/594"}],"collection":[{"href":"http:\/\/alpine-mineralien.de\/index.php?rest_route=\/wp\/v2\/pages"}],"about":[{"href":"http:\/\/alpine-mineralien.de\/index.php?rest_route=\/wp\/v2\/types\/page"}],"author":[{"embeddable":true,"href":"http:\/\/alpine-mineralien.de\/index.php?rest_route=\/wp\/v2\/users\/1"}],"replies":[{"embeddable":true,"href":"http:\/\/alpine-mineralien.de\/index.php?rest_route=%2Fwp%2Fv2%2Fcomments&post=594"}],"version-history":[{"count":4,"href":"http:\/\/alpine-mineralien.de\/index.php?rest_route=\/wp\/v2\/pages\/594\/revisions"}],"predecessor-version":[{"id":5235,"href":"http:\/\/alpine-mineralien.de\/index.php?rest_route=\/wp\/v2\/pages\/594\/revisions\/5235"}],"wp:attachment":[{"href":"http:\/\/alpine-mineralien.de\/index.php?rest_route=%2Fwp%2Fv2%2Fmedia&parent=594"}],"curies":[{"name":"wp","href":"https:\/\/api.w.org\/{rel}","templated":true}]}}