{"id":591,"date":"2018-09-28T18:10:26","date_gmt":"2018-09-28T18:10:26","guid":{"rendered":"http:\/\/alpine-mineralien.de\/?page_id=591"},"modified":"2022-09-13T09:37:48","modified_gmt":"2022-09-13T09:37:48","slug":"news","status":"publish","type":"page","link":"http:\/\/alpine-mineralien.de\/?page_id=591","title":{"rendered":"News"},"content":{"rendered":"<p><strong>29.09. &#8211; 02.10.2022 Mineralientage M\u00fcnchen<\/strong><\/p>\n<p>Wir haben einen Stand Nr. <strong>A5.322<\/strong> zusammen mit Enrico Rinaldi mit neuen Alpinmineralien und Fluoriten.<\/p>\n<p><strong>17.\/18.2022\u00a0 September B\u00f6rse Nellingen \/ Stuttgart<\/strong><\/p>\n<p>Wir haben dort einen Stand.<\/p>\n<p><strong>01.03.2020\u00a0 B\u00f6rse Walldorf<\/strong><\/p>\n<p>Wir haben wieder einen Stand in der sch\u00f6nen, aber nun kleineren Astoriahalle in Waddorf am 1. M\u00e4rz 2020.<\/p>\n<p><strong>12.02.2019\u00a0 B\u00f6rse Walldorf<\/strong><\/p>\n<p>Wir haben am <span style=\"color: #0000ff;\"><strong>17. M\u00e4rz <\/strong><\/span>wieder unseren Stand in der Turnhalle mit neuen Fluoriten aus der Greenlaws Mine und den schweizer Alpen.<\/p>\n<p><strong>05.10.2018 Mineralientage M\u00fcnchen \/ Munich Show<\/strong><\/p>\n<p>Wir haben wieder Stand <span style=\"color: #0000ff;\">A6.424<\/span> mit Neufunden aus den Alpen und Fluoriten aus unserer Greenlaws Mine.<\/p>\n<p>Come and visit me and Pete at booth <span style=\"color: #0000ff;\">A6.424<\/span> with fine new alpine specimens and new Fluorite from our Greenlaws Mine.<\/p>\n<p><strong>12.10.2017 Mineralientage M\u00fcnchen 2017<\/strong><\/p>\n<p>Neuer Standplatz in Muenchen : A6.424 Im Hauptgang vor dem Pavillion. New place : A6.424 In the &#8222;main road&#8220; just before the Pavillion Bis bald \/ See you there<\/p>\n<hr \/>\n<p><strong>22.09.2016 Mineralientage M\u00fcnchen &#8211; Munich Show 2016<\/strong><\/p>\n<p>Dieses Jahr wurde die Halle A 6 umgestaltet. Wir haben einen neuen Standplatz: A6.512. Neuheiten aus den Alpen, der Greenlaws Mine und weltweite Mineralien. Das Buch &#8222;Mythos Tucson&#8220; ist nun zum reduzierten Preis von 49.- erhaeltlich ! Ich freue mich auf Ihr \/ Euer Kommen !<\/p>\n<hr \/>\n<p><strong>18.02.2016 Termine 2016<\/strong><\/p>\n<p>Sie treffen mich in diesem jahr: 27.-28. Februar: Mineralienb\u00f6rse Euromin in L\u00f6rrach 11. M\u00e4rz : Vortrag \u00fcber Bleiglanzfunde in Weardale \/ England in Walldorf 03. April: Mineralienb\u00f6rse RNMF in Walldorf 27.-30. Oktober : Mineralientage M\u00fcnchen &#8230; oder Termin f\u00fcr besuch bei mir zu Hause vereinbaren.<\/p>\n<hr \/>\n<p><strong>15.09.2015 Mineralientage M\u00fcnchen \/ Munich Show<\/strong><\/p>\n<p>Dieses Jahr werden an unserem stand exklusiv neue Fluorite von der Greenlaws Mine \/ England angeboten. Der Betreiber der Mine, Peter Ward, wird ebenfalls am Stand sein. Neu sind auch einige Top Stufen Berg xx im Tessiner Habitus&#8220; aus dem Binntal. Stand A6.632<\/p>\n<hr \/>\n<p><strong>08.06.2015 Greenlaws Mine NEWS<\/strong><\/p>\n<p>Die erste Ausgabe der Greenlaws Mine NEWS ist fertig und ist kostenlos erh\u00e4ltlich u.a. auf den B\u00f6rsen in St. Marie-aux mines, M\u00fcnchen oder in England. Man kann die Infoschrift mit vielen Fotos auch bei mir zusammen mit Fluoritstufen bewundern ! Einfach vorher Termin vereinbaren !<\/p>\n<hr \/>\n<p><strong>20.02.2015 B\u00f6rsen 2015<\/strong><\/p>\n<p>Ich bin auf folgenden B\u00f6rsen : 28. Februar &#8211; 1. M\u00e4rz 2015 in L\u00f6rrach 22. M\u00e4rz in Walldorf bei Heidelberg Auf beiden B\u00f6rsen pr\u00e4sentiere ich Neuheiten aus Sammlungsaufl\u00f6sungen und aus Tucson !<\/p>\n<hr \/>\n<p><strong>08.10.2014 Buch Mythos Tucson<\/strong><\/p>\n<p>Ab sofort ist das Buch \u00fcber die gr\u00f6\u00dfte Mineralienmesse der Welt zum Sonderpreis von nur \u20ac 49.- (statt 75.-) erh\u00e4ltlich. An unserem Stand auf den Mineralientagen M\u00fcnchen k\u00f6nnen Sie Ihr Exemplar abholen und sparen die Versandkosten !<\/p>\n<hr \/>\n<p><strong>01.10.2014 Mineralientage M\u00fcnchen 2014<\/strong><\/p>\n<p>Alle Jahre wieder : in Muenchen befindet sich unser Stand Nr. A6.632 mit vielen Neuheiten aus Sammlungsaufl\u00f6sungen (alpin + \u00e4sthetik !). Besuchen Sie mich und bestaunen Sie die &#8222;alten Klassiker&#8220; !<\/p>\n<hr \/>\n<p><strong>07.10.2013 Mineralientage M\u00fcnchen<\/strong><\/p>\n<p>Besuchen Sie uns in M\u00fcnchen auf unserem neuen Standplatz: Halle A6.632 Neue Mineralien aus der Schweiz, USA, Mexiko, China, England &#8230;..<\/p>\n<hr \/>\n<p><strong>24.02.2013 N\u00e4chste B\u00f6rsen<\/strong><\/p>\n<p>Liebe Mineralienfreunde, die neuen Stufen aus Tucson koennen Sie bei mir auf folgenden Boersen bewundern (und wer schnell genug ist auch ergattern&#8230;): 02. &#8211; 03. Maerz 2013: Loerrach 17. Maerz 2013 : Walldorf (frueher Eppelheim) Ein Update der neuen Stufen wird im Maerz erfolgen ! Gerd M. Wiedenbeck<\/p>\n<hr \/>\n<p><strong>24.10.2011 B\u00f6rse M\u00fcnchen 2011<\/strong><\/p>\n<p>Liebe Mineralienfreunde, Sie koennen mich in Muenchen besuchen am Stand A5.400. Dear Collectors, you can visit me in Munich at booth No. A5.400 &#8211; See you there ! Sincerely, Gerd M. Wiedenbeck<\/p>\n<hr \/>\n<p><strong>21.09.2011 Mineralientage M\u00fcnchen 2011 \/ Munich Show ! !<\/strong><\/p>\n<p>An meinem Stand(Eck-Kabine) h\u00e4tte ich noch ca. 1-2 Meter Platz f\u00fcr einen Aussteller mit Mineralien oder Fossilien (kein Schmuck). Es kann auch eine Vitrine gestellt werden. Wer also noch einen Platz sucht, kann sich mit mir in Verbindung setzen. Gerd M. Wiedenbeck<\/p>\n<hr \/>\n<p><strong>09.12.2010 Buch Mythos Tucson<\/strong><\/p>\n<p>Ab sofort gibt es f\u00fcr die Schweiz + Lichtenstein einen Exklusivvertrieb : SVSMF (Schweizer Strahler) Frau Gisela Handschin Gr\u00fcngenstra\u00dfe 23 CH- 4562 Biberist e-mail: charles.handschin@gawnet.ch Damit reduzieren sich die Portokosten deutlich ! Bitte Bestellungen aus der Schweiz nur noch an diese Adresse.<\/p>\n<hr \/>\n<p><strong>25.10.2010 Mineralientage M\u00fcnchen 2010<\/strong><\/p>\n<p>Wir haben einen neuen Standplatz ! Sie finden uns in der Sammlerhalle A5.400 gleich neben der Halleninfo an der Stirnseite der Halle. Neben neuen, hervorragenden Mineralien aus aller Welt ist das Buch &#8222;Mythos Tucson&#8220; am Stand erh\u00e4ltlich. Ich freue mich auf Ihren Besuch !<\/p>\n<hr \/>\n<p><strong>06.09.2010 Buch : Mythos Tucson + Buchmesse<\/strong><\/p>\n<p>Das neue Buch \u00fcber die weltgroe\u00dfte Mineralienboerse der Welt wird auf der Frankfurter Buchmesse vom 06. &#8211; 10. Oktober 2010 in Halle 3.1 pr\u00e4sentiert. Inzwischen sind die ersten Buchkritiken in Deutschland, Schweiz und USA erschienen und wir d\u00fcrfen stolz auf die Bewertungen sein. Das Buch &#8222;Mythos Tucson&#8220; ist das Beste und Umfangreichste Werk \u00fcber die B\u00f6rse und Mineralienfundstellen sowie landschaftlichen H\u00f6hepunkten im wilden Westen &#8211; ein luxurioeser Bildband im Grossformat und 2,5 kg schwer &#8211; ein ideales Geschenk !<\/p>\n<hr \/>\n<p><strong>27.10.2009 Mineralientage M\u00fcnchen 2009<\/strong><\/p>\n<p>Es ist wieder sowiet : die Mineralientage M\u00fcnchen finden statt: vom 29.10. bis 01.11.2009 finden Sie uns in der Halle A6.544. Neben ausgesuchten + \u00e4sthetischen Mineralien wird dort auch das neue Buch &#8222;Mythos Tucson&#8220; pr\u00e4sentiert und mit etwas Gl\u00fcck treffen Sie den Fotografen Jeff Scovil, der auch an dem hervorragenden Bildband mitgewirkt hat. Und wer ein Exemplar des in limitierter Auflage erschienen Werkes haben will, kann es gleich mitnehmen und spart die Lieferkosten. Also: auf nach M\u00fcnchen !<\/p>\n<hr \/>\n<p><strong>07.09.2009 Buch: Mythos Tucson<br \/>\n<\/strong><br \/>\nDas bisher umfangreichste Buch \u00fcber die weltgr\u00f6\u00dfte Mineralienb\u00f6rse in Arizona ist fertig und befindet sich im Druck ! ==&gt; www.Mythos-Tucson.de Das Buch in limitierter Auflage (Euro 75.- zuz\u00fcgl. Porto)wird p\u00fcnktlich zu den Mineralientagen in M\u00fcnchen Ende Oktober erscheinen. Vorbestellungen werden ab sofort entgegengenommen und bestellte B\u00fccher k\u00f6nnen f\u00fcr M\u00fcnchen reserviert und dort an unserem Stand in Halle A6.544 abgeholt werden (spart das Porto f\u00fcr den rund 3 kg schweren Bildband !). F\u00fcr vorbestellte B\u00fccher, die in M\u00fcnchen abgeholt werden, erh\u00e4lt jeder eine kleine Kristallstufe aus Arizona gratis dazu !<\/p>\n<hr \/>\n<p><strong>27.07.2009 Buch Mythos Tucson<\/strong><\/p>\n<p>Der neue Bildband \u00fcber die B\u00f6rse in Tucson, Fundstellen und Naturhighlights im Wilden Westen und n\u00fctzlichen Reiseinformationen ist fast fertig und soll p\u00fcnktlich zu den Mineralientagen M\u00fcnchen erscheinen. Zahlreiche nationale und internationale sammler und Toph\u00e4ndler aus aller Welt unterst\u00fctzen das umfangreichste Werk \u00fcber die weltgr\u00f6\u00dfte Mineralienb\u00f6rse &#8211; ein wirklicher Augenschmaus, der in keiner Bibliothek fehlen sollte ! Mehr Infos unter www.mythos-tucson.de<\/p>\n<hr \/>\n<p><strong>22.01.2009 Buch &#8222;Mythos Tucson&#8220;<br \/>\n<\/strong><br \/>\nEin gro\u00dfartiger Bild- und Textband (Autor Gerd M. Wiedenbeck mit \u00fcber 600 Fotos von u.a. Jeff Scovil auf ca. 400 Seiten ) von der weltgr\u00f6\u00dften Mineralienb\u00f6rse in der Sonora W\u00fcste, Arizona \/ USA ist in Arbeit und wird im Oktober 2009 erscheinen &#8211; DAS Buch f\u00fcr jeden Mineraliensammler und Wild West Fan wie es bisher noch nicht gegeben hat ! In deutscher Sprache. Details unter www.mythos-tucson.de Genauer Erscheinungstermin und Bezugsquellen werden noch bekannt gegeben ! Vorbestellungen werden gerne entgegengenommen.<\/p>\n<hr \/>\n<p><strong>16.10.2008 Mineralientage M\u00fcnchen 2008<\/strong><\/p>\n<p>Besuchen Sie uns auf unserem Stand in Halle A5.334. Wir haben viel Neuheiten aus der Schweiz (Gwindel, Cafarsit, Rauchquarz, Rosaflo\u00faorit etc.), aus Tsumeb (Azurit, Mimetesit, ged. Kupfer, Ludlockit, Dioptas etc.) \u00b4, Mexico (Wulfenit, Legrandit aus Mapimi), Fluorit, China und vieles mehr. Genie\u00dfen Sie ein Glas Wein beim betrachten der Mineralien ! Informieren Sie sich \u00fcber das Buchprojekt &#8222;Mythos Tucson&#8220;, welches im n\u00e4chsten Jahr erscheinen wird ! Wir freuen uns auf Ihren Besuch ! Mit herzlichen Gr\u00fc\u00dfen aus Mauer, Gerd M. Wiedenbeck<\/p>\n<hr \/>\n<p><strong>05.08.2008 Mineralientage M\u00fcnchen &#8211; Munich Show 2008<br \/>\n<\/strong><br \/>\nWir sind wieder auf den M\u00fcnchener Mineralientagen vom 31.10. &#8211; 02.11.2008 vertreten. Unsere Stand &#8211; Nr. ist Halle A 5.334. NEU: eine gro\u00dfe Tsumebsammlung, die nach 50 Jahren noch Originalverpackt war mit vielen Rarit\u00e4ten. Durch die vorhandenen Original Mine Reports sind Funddatum und Minenabschnitt bestimmbar. \u00dcber einen Besuch w\u00fcrden wir uns freuen &#8211; es lohnt sich<\/p>\n<hr \/>\n<p><strong>05.03.2008 N\u00e4chste B\u00f6rsen<\/strong><\/p>\n<p>Auf folgenden B\u00f6rsen k\u00f6nnen Sie mich 2008 besuchen: L\u00f6rrach: 08. + 09.M\u00e4rz 2008 Eppelheim : 13. April 2008<\/p>\n<hr \/>\n<p><strong>21.09.2007 Pr\u00e4sentation der Sammlung Wiedenbeck<\/strong><\/p>\n<p>Auf der Website der B\u00f6rse von St.Marie-aux Mines kann jetzt unter der Rubrik &#8222;Best of Collectors&#8220; ein Ausschnitt unserer Sammlung angeschaut werden : ==&gt; www.minerapole.com\/a_\/b_ofc46.html oder auf den Link &#8222;Personal Collection&#8220; in unserer LINK Liste klicken. Viel Freude beim Betrachten !<\/p>\n<hr \/>\n<p><strong>29.07.2007 Mineralientage M\u00fcnchen 2007<\/strong><\/p>\n<p>Bald ist es wieder soweit: die M\u00fcnchner Mineralientage vom 02. &#8211; 04.07.2007 sind in der Planung. Wir stellen aus: Halle A5 Stand 334<\/p>\n<hr \/>\n<p><strong>02.07.2007 Server Panne<\/strong><\/p>\n<p>Technik ! Durch eine Serverpanne sind alle News der letzten Zeit verlorengegangen. Die News werden aktuell fortgesetzt.<\/p>\n","protected":false},"excerpt":{"rendered":"<p>29.09. &#8211; 02.10.2022 Mineralientage M\u00fcnchen Wir haben einen Stand Nr. A5.322 zusammen mit Enrico Rinaldi mit neuen Alpinmineralien und Fluoriten. 17.\/18.2022\u00a0 September B\u00f6rse Nellingen \/ Stuttgart Wir haben dort einen Stand. 01.03.2020\u00a0 B\u00f6rse Walldorf Wir haben wieder einen Stand in der sch\u00f6nen, aber nun kleineren Astoriahalle in Waddorf am 1. M\u00e4rz 2020. 12.02.2019\u00a0 B\u00f6rse Walldorf &hellip; <\/p>\n<p class=\"link-more\"><a href=\"http:\/\/alpine-mineralien.de\/?page_id=591\" class=\"more-link\"><span class=\"screen-reader-text\">\u201eNews\u201c<\/span> weiterlesen<\/a><\/p>\n","protected":false},"author":1,"featured_media":0,"parent":0,"menu_order":0,"comment_status":"closed","ping_status":"closed","template":"","meta":[],"_links":{"self":[{"href":"http:\/\/alpine-mineralien.de\/index.php?rest_route=\/wp\/v2\/pages\/591"}],"collection":[{"href":"http:\/\/alpine-mineralien.de\/index.php?rest_route=\/wp\/v2\/pages"}],"about":[{"href":"http:\/\/alpine-mineralien.de\/index.php?rest_route=\/wp\/v2\/types\/page"}],"author":[{"embeddable":true,"href":"http:\/\/alpine-mineralien.de\/index.php?rest_route=\/wp\/v2\/users\/1"}],"replies":[{"embeddable":true,"href":"http:\/\/alpine-mineralien.de\/index.php?rest_route=%2Fwp%2Fv2%2Fcomments&post=591"}],"version-history":[{"count":7,"href":"http:\/\/alpine-mineralien.de\/index.php?rest_route=\/wp\/v2\/pages\/591\/revisions"}],"predecessor-version":[{"id":4053,"href":"http:\/\/alpine-mineralien.de\/index.php?rest_route=\/wp\/v2\/pages\/591\/revisions\/4053"}],"wp:attachment":[{"href":"http:\/\/alpine-mineralien.de\/index.php?rest_route=%2Fwp%2Fv2%2Fmedia&parent=591"}],"curies":[{"name":"wp","href":"https:\/\/api.w.org\/{rel}","templated":true}]}}