{"id":585,"date":"2018-09-28T14:28:06","date_gmt":"2018-09-28T14:28:06","guid":{"rendered":"http:\/\/alpine-mineralien.de\/?page_id=585"},"modified":"2025-12-05T15:16:36","modified_gmt":"2025-12-05T15:16:36","slug":"wer-ich-bin","status":"publish","type":"page","link":"http:\/\/alpine-mineralien.de\/?page_id=585","title":{"rendered":"Wer ich bin"},"content":{"rendered":"<div id='gallery-1' class='gallery galleryid-585 gallery-columns-1 gallery-size-medium'><figure class='gallery-item'>\n\t\t\t<div class='gallery-icon landscape'>\n\t\t\t\t<a href='http:\/\/alpine-mineralien.de\/wp-content\/uploads\/2019\/02\/DSCF0279.jpg'><img width=\"300\" height=\"225\" src=\"http:\/\/alpine-mineralien.de\/wp-content\/uploads\/2019\/02\/DSCF0279-300x225.jpg\" class=\"attachment-medium size-medium\" alt=\"\" loading=\"lazy\" srcset=\"http:\/\/alpine-mineralien.de\/wp-content\/uploads\/2019\/02\/DSCF0279-300x225.jpg 300w, http:\/\/alpine-mineralien.de\/wp-content\/uploads\/2019\/02\/DSCF0279-768x576.jpg 768w, http:\/\/alpine-mineralien.de\/wp-content\/uploads\/2019\/02\/DSCF0279-1024x768.jpg 1024w, http:\/\/alpine-mineralien.de\/wp-content\/uploads\/2019\/02\/DSCF0279.jpg 1280w\" sizes=\"100vw\" \/><\/a>\n\t\t\t<\/div><\/figure>\n\t\t<\/div>\n\n<p>Ich bin selber leidenschaftlicher Sammler und biete seit 1974 Mineralien privat und auf einigen B\u00f6rsen an. Ich habe weltweite Kontakte zu Minenbetreibern, Strahlern und H\u00e4ndlern. Daher kann ich Ihnen immer wieder neue und interessante Stufen in allen Qualit\u00e4tslagen aus den Alpen und weltweit anbieten. Nat\u00fcrlich habe ich auch noch Spa\u00df (\u2026 und manchmal auch Erfolg) beim Selbersammeln in der Schweiz, den USA, Spanien, Frankreich, England etc.<\/p>\n<div id='gallery-2' class='gallery galleryid-585 gallery-columns-1 gallery-size-medium'><figure class='gallery-item'>\n\t\t\t<div class='gallery-icon landscape'>\n\t\t\t\t<a href='http:\/\/alpine-mineralien.de\/wp-content\/uploads\/2019\/02\/26-2015-Mine-Autor-Kids.jpg'><img width=\"300\" height=\"225\" src=\"http:\/\/alpine-mineralien.de\/wp-content\/uploads\/2019\/02\/26-2015-Mine-Autor-Kids-300x225.jpg\" class=\"attachment-medium size-medium\" alt=\"\" loading=\"lazy\" srcset=\"http:\/\/alpine-mineralien.de\/wp-content\/uploads\/2019\/02\/26-2015-Mine-Autor-Kids-300x225.jpg 300w, http:\/\/alpine-mineralien.de\/wp-content\/uploads\/2019\/02\/26-2015-Mine-Autor-Kids-768x576.jpg 768w, http:\/\/alpine-mineralien.de\/wp-content\/uploads\/2019\/02\/26-2015-Mine-Autor-Kids-1024x768.jpg 1024w, http:\/\/alpine-mineralien.de\/wp-content\/uploads\/2019\/02\/26-2015-Mine-Autor-Kids.jpg 2048w\" sizes=\"100vw\" \/><\/a>\n\t\t\t<\/div><\/figure>\n\t\t<\/div>\n\n<p>Ich bin famili\u00e4r bedingt nur noch auf wenigen B\u00f6rsen (i.d.R. Haslach&amp; M\u00fcnchen) vertreten und m\u00f6chte nun mein Angebot online erweitern.<\/p>\n<p>Mein Motto ist, Ihnen \u00e4sthetische, ausgefallene und optisch ansprechende Mineralien in allen Qualit\u00e4ts- und Preislagen anzubieten. Ich bin kein H\u00e4ndler, sondern Sammler und viele angebotene Stufen stammen aus meiner umfangreichen Sammlung.<\/p>\n<p>Sollten Sie etwas spezielles suchen, versuche ich gerne Ihren Wunsch zu erf\u00fcllen, wie wie zum Beispiel eine Amethystdruse von 4 m H\u00f6he oder einen Rauchquarz x von 1,6 Tonnen Gewicht oder einen kleinen Super Azurit xx oder einen wundersch\u00f6nen Rosafluorit xx.<\/p>\n<p>Auf Wunsch erhalten Sie immer die neuesten Mineralien automatisch per e-mail zugeschickt \u2013 so verpassen Sie nichts. Abbonieren Sie einfach den kostenlosen NEWSLETTER<\/p>\n<p><b> Zufriedene Kunden sind unsere beste Werbung ! <\/b><\/p>\n<p>Als erfahrener Fotograf biete ich Ihnen auch an, Ihre &#8222;Lieblinge&#8220; in \u00e4sthetischer Form abzulichten. Seit \u00fcber 35 Jahren sind Fotos von mir auf Plakaten, Werbeflyern und Weinetiketten zu finden. Interesse ? Dann nehmen Sie bitte\u00a0 Kontakt bez\u00fcglich weiterer Details auf.<\/p>\n<p>Mineraliensammeln ist nur mein Hobby \u2013 im richtigen Beruf bin ich Geologe und erstelle Gutachten \u00fcber Altlasten, Baugrund und Geb\u00e4udeschadstoffe und betreibe Anlagen zur <a href=\"http:\/\/www.uc-tec.de\" target=\"_blank\" rel=\"noopener noreferrer\">Sanierung von Grundwasser und Boden<\/a>.<\/p>\n","protected":false},"excerpt":{"rendered":"<p>Ich bin selber leidenschaftlicher Sammler und biete seit 1974 Mineralien privat und auf einigen B\u00f6rsen an. Ich habe weltweite Kontakte zu Minenbetreibern, Strahlern und H\u00e4ndlern. Daher kann ich Ihnen immer wieder neue und interessante Stufen in allen Qualit\u00e4tslagen aus den Alpen und weltweit anbieten. Nat\u00fcrlich habe ich auch noch Spa\u00df (\u2026 und manchmal auch Erfolg) &hellip; <\/p>\n<p class=\"link-more\"><a href=\"http:\/\/alpine-mineralien.de\/?page_id=585\" class=\"more-link\"><span class=\"screen-reader-text\">\u201eWer ich bin\u201c<\/span> weiterlesen<\/a><\/p>\n","protected":false},"author":1,"featured_media":0,"parent":0,"menu_order":0,"comment_status":"closed","ping_status":"closed","template":"","meta":[],"_links":{"self":[{"href":"http:\/\/alpine-mineralien.de\/index.php?rest_route=\/wp\/v2\/pages\/585"}],"collection":[{"href":"http:\/\/alpine-mineralien.de\/index.php?rest_route=\/wp\/v2\/pages"}],"about":[{"href":"http:\/\/alpine-mineralien.de\/index.php?rest_route=\/wp\/v2\/types\/page"}],"author":[{"embeddable":true,"href":"http:\/\/alpine-mineralien.de\/index.php?rest_route=\/wp\/v2\/users\/1"}],"replies":[{"embeddable":true,"href":"http:\/\/alpine-mineralien.de\/index.php?rest_route=%2Fwp%2Fv2%2Fcomments&post=585"}],"version-history":[{"count":9,"href":"http:\/\/alpine-mineralien.de\/index.php?rest_route=\/wp\/v2\/pages\/585\/revisions"}],"predecessor-version":[{"id":5382,"href":"http:\/\/alpine-mineralien.de\/index.php?rest_route=\/wp\/v2\/pages\/585\/revisions\/5382"}],"wp:attachment":[{"href":"http:\/\/alpine-mineralien.de\/index.php?rest_route=%2Fwp%2Fv2%2Fmedia&parent=585"}],"curies":[{"name":"wp","href":"https:\/\/api.w.org\/{rel}","templated":true}]}}