{"id":5386,"date":"2025-12-26T14:02:04","date_gmt":"2025-12-26T14:02:04","guid":{"rendered":"http:\/\/alpine-mineralien.de\/?page_id=5386"},"modified":"2026-01-09T16:16:52","modified_gmt":"2026-01-09T16:16:52","slug":"mineralica","status":"publish","type":"page","link":"http:\/\/alpine-mineralien.de\/?page_id=5386","title":{"rendered":"MINERALICA"},"content":{"rendered":"\n<p><strong>Mineralienzeitschrift<\/strong><\/p>\n\n\n\n<h2>\u00dcber Mineralica<\/h2>\n\n\n\n<p>Mineralica ist ein Print- &amp; Onlinemagazin f\u00fcr alle Menschen, die sich f\u00fcr Mineralien und Bergbau interessieren. Im Besonderen befasst sich das Magazin mit dem Mineraliensammeln \u2013 von Berichten \u00fcber neue Fundstellen bis hin zu geschichtlichen Aufarbeitungen bekannter Bergwerke. Mineralica verfolgt dabei das ehrgeizige Ziel, Wissen frei zug\u00e4nglich zu machen. Das Magazin soll vor allem f\u00fcr Menschen mit wenig Erfahrung einen ersten Anlaufpunkt bieten, damit diesen ein einfacher Einstieg in die komplexe Welt des Mineraliensammelns und der Mineralogie gew\u00e4hrt werden kann.<\/p>\n\n\n\n<p>Mineralica wurde 2023 gegr\u00fcndet und w\u00e4chst seither stetig. Unser herzlicher Dank gilt dabei allen Unterst\u00fctzern, die seit Aufkommen der Idee, Mineralica gef\u00f6rdert haben. Allen voran kommt unseren Autoren, die wertvolle und spannende Inhalte beigesteuert haben, ein besonderer Dank zu.<\/p>\n\n\n\n<p>Zuk\u00fcnftig m\u00f6chte Mineralica seine Inhalte diversifizieren und auch Themen wie Fossilien und Meteoriten aufgreifen. Mit regelm\u00e4\u00dfig neu erscheinenden Artikeln, soll das Magazin ein immer gr\u00f6\u00dferer Fundus an Wissen werden. Sie m\u00f6chten Mineralica unterst\u00fctzen?\u00a0<a href=\"https:\/\/mineralica.com\/de\/magazin\/publizieren\">Publizieren Sie mit uns!<\/a><\/p>\n\n\n\n<h1>Mineralica 2025 &#8211; 3 (deutsch)<\/h1>\n\n\n\n<p>In dieser Ausgabe ein Artikel von Gerd M. Wiedenbeck \u00fcber die weltber\u00fchmte Red Cloud Mine mit den tollsten roten Wulfenit xx !!! <\/p>\n\n\n\n<figure class=\"wp-block-image size-large\"><img loading=\"lazy\" width=\"1024\" height=\"768\" src=\"http:\/\/alpine-mineralien.de\/wp-content\/uploads\/2026\/01\/P4270008-1024x768.jpg\" alt=\"\" class=\"wp-image-5404\" srcset=\"http:\/\/alpine-mineralien.de\/wp-content\/uploads\/2026\/01\/P4270008-1024x768.jpg 1024w, http:\/\/alpine-mineralien.de\/wp-content\/uploads\/2026\/01\/P4270008-300x225.jpg 300w, http:\/\/alpine-mineralien.de\/wp-content\/uploads\/2026\/01\/P4270008-768x576.jpg 768w, http:\/\/alpine-mineralien.de\/wp-content\/uploads\/2026\/01\/P4270008-1536x1152.jpg 1536w, http:\/\/alpine-mineralien.de\/wp-content\/uploads\/2026\/01\/P4270008-2048x1536.jpg 2048w\" sizes=\"(max-width: 767px) 89vw, (max-width: 1000px) 54vw, (max-width: 1071px) 543px, 580px\" \/><figcaption>Wulfenit xx mit blauem Fluorit xx   Smlg &amp; Foto GM Wiedenbeck<\/figcaption><\/figure>\n\n\n\n<figure class=\"wp-block-image size-large\"><img loading=\"lazy\" width=\"1024\" height=\"683\" src=\"http:\/\/alpine-mineralien.de\/wp-content\/uploads\/2026\/01\/2018-07-0051-1024x683.jpg\" alt=\"\" class=\"wp-image-5403\" srcset=\"http:\/\/alpine-mineralien.de\/wp-content\/uploads\/2026\/01\/2018-07-0051-1024x683.jpg 1024w, http:\/\/alpine-mineralien.de\/wp-content\/uploads\/2026\/01\/2018-07-0051-300x200.jpg 300w, http:\/\/alpine-mineralien.de\/wp-content\/uploads\/2026\/01\/2018-07-0051-768x512.jpg 768w, http:\/\/alpine-mineralien.de\/wp-content\/uploads\/2026\/01\/2018-07-0051-1536x1024.jpg 1536w, http:\/\/alpine-mineralien.de\/wp-content\/uploads\/2026\/01\/2018-07-0051-2048x1365.jpg 2048w\" sizes=\"(max-width: 767px) 89vw, (max-width: 1000px) 54vw, (max-width: 1071px) 543px, 580px\" \/><\/figure>\n\n\n\n<figure class=\"wp-block-image is-resized\"><img loading=\"lazy\" src=\"https:\/\/mineralica.com\/images\/unsafe\/800x800\/g9c0z6\/68ba2f756bf5e2a21b2f46f9.webp\" alt=\"Mineralica 2025 - 3 (deutsch) 1\" width=\"518\" height=\"518\"\/><\/figure>\n\n\n\n<p>15.00 \u20ac<\/p>\n\n\n\n<p>Manchmal sind es nicht die wertvollsten oder seltensten St\u00fccke, die uns in ihren Bann ziehen, sondern jene, die Geschichten erz\u00e4hlen. Geschichten vom Staunen, vom Entdecken, von Leidenschaft, Geduld, Gl\u00fcck, R\u00fcckschl\u00e4gen und manchmal auch von ein wenig Schwindel.<br><br>In dieser Ausgabe nehmen wir Sie mit zu vier Orten, die auf ganz unterschiedliche Weise zeigen, warum die Welt der Mineralien mehr ist als blo\u00df Geologie oder Sammelleidenschaft.<br><br>Da w\u00e4re zum einen der unm\u00f6gliche Kristall: ein Fluorit-Dodekaeder, wie es ihn in der Natur schlicht nicht geben kann. Und doch liegt er, perfekt geschliffen und in Schwefels\u00e4ure getaucht, als augenzwinkerndes Kuriosum in der Sammlung von Herwig Pelckmans. Nicht als Betrug, sondern<br>als Gespr\u00e4chsstoff. Und was f\u00fcr einer! Ein St\u00fcck, das uns erinnert: Auch ein Fake kann eine echte Geschichte erz\u00e4hlen.<br><br>Ganz anders die Geschichte von Karl Wanek, einem der beeindruckendsten Mineraliensammler \u00d6sterreichs. Johann Zenz erz\u00e4hlt in seinem Portrait \u00fcber Wanek von dessen mehr als 50 Jahren, die er in Stollen, auf Gipfeln, in Alpent\u00e4lern und griechischen Bergwerken unterwegs war. Tausende Fundstellen, Tausende touren, eine Sammlung, die fast ausschlie\u00dflich aus eigenen Funden besteht. Und immer wieder: der Respekt vor dem Stein, vor dem Moment, vor dem Erlebnis. Karl Waneks Philosophie, dass der wahre Wert eines Fundes nicht in Karat oder Marktpreis liegt, sondern im Augenblick des Findens selbst, ist heute aktueller denn je.<br><br>Ein Ort, an dem diese Magie des Findens greifbar wird, ist die Red Cloud Mine in Arizona. Weltber\u00fchmt f\u00fcr ihre leuchtend roten Wulfenite, zieht sie Sammler seit \u00fcber 140 Jahren in ihren Bann. Von den ersten Funden im 19. Jahrhundert \u00fcber spektakul\u00e4re Entdeckungen wie das \u201eRed Gem Pocket\u201c bis hin zu modernen Grabungsaktionen mit Millionenwert: Diese Mine erz\u00e4hlt eine Geschichte von Gl\u00fccksgriffen, wissenschaftlicher Neugier und der ungebrochenen Faszination f\u00fcr das leuchtende Orange. Auch Gerd M. Wiedenbeck war mittendrin, mit Schwei\u00df, Hammer, und am Ende einem Pocket voller Kristalle und einem Herzen voller Freude. Wulfenit is love&#8230; und wir verstehen, warum.<br><br>Und schlie\u00dflich Maissau, die Stadt des violetten Lichts. Wer h\u00e4tte gedacht, dass ein einziger Quarzgang so viel Farbe zeigen kann: Amethyst, Citrin, Rauchquarz, Eisenkiesel, Morion, vereint an einem Ort. Gerald Knobloch beschreibt, was einst fast vergessen war.Der Quarzgang von Maissau wurde mit wissenschaftlicher Akribie und touristischem Mut wiederentdeckt und zum Erlebnisraum gemacht. Die Amethystwelt Maissau ist heute nicht nur ein Paradies f\u00fcr Sammler, sondern ein Ort, an dem Mineralogie sichtbar und lebendig wird.<br><br>Vier Geschichten, vier Facetten unserer Leidenschaft. Sie zeigen: Mineralien sind nicht nur Objekte. Sie sind Erlebnisse, Begegnungen, Identit\u00e4t.<br><br>Ich w\u00fcnsche Ihnen viel Freude beim Lesen \u2013 und vielleicht das eine oder andere Kopfnicken des Wiedererkennens.<a href=\"https:\/\/mineralica.com\/de\/marktplatz\/buy?prod_id=g9c0z6\">Kaufen<\/a><\/p>\n\n\n\n<h3>Mineralica 2025 &#8211; 2<\/h3>\n\n\n\n<p><small>Mit gro\u00dfem Fluorit-Artikel aus \u00d6sterreich, Mikromineralien von den Azoren und pr\u00e4historischer Quarzmine<\/small><\/p>\n\n\n\n<p>Jede Ausgabe von Mineralica ist f\u00fcr mich wie eine Reise: nicht nur durch geologische R\u00e4ume, sondern auch durch Zeit, Geschichten und Perspektiven. Und auch diesmal spannt sich der&#8230;Onlineversion der Artikel<\/p>\n\n\n\n<ul><li><a href=\"https:\/\/mineralica.com\/de\/magazin\/steinzeitliches-bergkristallbergwerk-unter-dem-olperer-in-oesterreich-vorschau-7k7d5y\">&nbsp;Steinzeitliches Bergkristallbergwerk unter dem Olperer in \u00d6sterreich (vorschau)<\/a><\/li><li><a href=\"https:\/\/mineralica.com\/de\/magazin\/farbenpracht-der-ostalpen-fluorit-aus-oesterreich-vorschau-i6y4e5\">&nbsp;Farbenpracht der Ostalpen: Fluorit aus \u00d6sterreich (Vorschau)<\/a><\/li><li><a href=\"https:\/\/mineralica.com\/de\/magazin\/christopher-smith-duque-aus-dem-dunkeln-ans-licht-vorschau-r8n4d4\">&nbsp;Christopher Smith-Duque &#8211; Aus dem Dunkeln ans Licht (Vorschau)<\/a><\/li><li><a href=\"https:\/\/mineralica.com\/de\/magazin\/mikromineralien-von-den-azoren-die-ausbeute-von-2023-vorschau-z2r2j6\">&nbsp;Mikromineralien von den Azoren &#8211; Die Ausbeute von 2023 (vorschau)<\/a><\/li><\/ul>\n\n\n\n<p>&nbsp;Mehr<\/p>\n\n\n\n<figure class=\"wp-block-image\"><img src=\"https:\/\/mineralica.com\/static\/magazine\/Mineralica%201-25%20mockup.png\" alt=\"Mineralica 2025-1\"\/><\/figure>\n\n\n\n<h3>Mineralica 2025 &#8211; 1<\/h3>\n\n\n\n<p><small>Die erste regul\u00e4re Ausgabe<\/small><\/p>\n\n\n\n<p>Den Auftakt dieser Ausgabe bildet ein neues Format: Die talentierte K\u00fcnstlerin Tatiana Falkova und ihre atemberaubende Arbeit werden in einem exklusiven Interview mit Mineralica&#8230;Onlineversion der Artikel<\/p>\n\n\n\n<ul><li><a href=\"https:\/\/mineralica.com\/de\/magazin\/amethyste-aus-granitischen-pegmatiten-1d2z9b\">&nbsp;Amethyste aus granitischen Pegmatiten<\/a><\/li><li><a href=\"https:\/\/mineralica.com\/de\/magazin\/die-hangover-kluft-im-val-du-trient-in-der-schweiz-3w9c8o\">&nbsp;Die Hangover-Kluft im Val du Trient in der Schweiz<\/a><\/li><li><a href=\"https:\/\/mineralica.com\/de\/magazin\/farbenpraechtige-achate-aus-der-provinz-chihuahua-in-mexiko-5q5b2j\">&nbsp;Farbenpr\u00e4chtige Achate aus der Provinz Chihuahua in Mexiko<\/a><\/li><li><a href=\"https:\/\/mineralica.com\/de\/magazin\/tatiana-falkova-capturing-the-beauty-of-minerals-in-watercolor-o6r5g7\">&nbsp;Tatiana Falkova &#8211; Capturing the Beauty of Minerals in Watercolor<\/a><\/li><\/ul>\n\n\n\n<p>&nbsp;Mehr<\/p>\n\n\n\n<figure class=\"wp-block-image\"><img src=\"https:\/\/mineralica.com\/static\/magazine\/Magazine%2024%20mockup.png\" alt=\"Mineralica 2025-1\"\/><\/figure>\n\n\n\n<h3>Mineralica 2024<\/h3>\n\n\n\n<p><small>Sonderausgabe<\/small><\/p>\n\n\n\n<p>Die Premiere von Mineralica h\u00e4lt mit dieser Sonderausgabe drei farbenfrohe und vielf\u00e4ltige Artikel f\u00fcr Sie bereit. Der erste Beitrag handelt von der Grube Wolf in Deutschland,&#8230;Onlineversion der Artikel<\/p>\n\n\n\n<ul><li><a href=\"https:\/\/mineralica.com\/de\/magazin\/historischer-amethyst-fund-am-sauruessel-mz1036\">&nbsp;Historischer Amethyst-Fund am Saur\u00fcssel<\/a><\/li><li><a href=\"https:\/\/mineralica.com\/de\/magazin\/pala-district-die-pegmatite-des-chief-mountain-und-ihre-mineralien-mz4832\">&nbsp;Pala District: Die Pegmatite des Chief Mountain und ihre Mineralien<\/a><\/li><li><a href=\"https:\/\/mineralica.com\/de\/magazin\/grube-wolf-ein-beruehmter-fundort-fuer-rhodochrosit-mz9312\">&nbsp;Grube Wolf: Ein ber\u00fchmter Fundort f\u00fcr Rhodochrosit<\/a><\/li><\/ul>\n\n\n\n<p>&nbsp;Mehr<\/p>\n\n\n\n<h2>Neueste Produkte<\/h2>\n\n\n\n<p><strong>Bitte beachten Sie, dass wir bis 10.02 in Tucson sind und erst dannach Bestellungen versenden k\u00f6nnen!<\/strong><\/p>\n\n\n\n<p>Hier finden Sie die neuesten Produkte, die wir in unserem Shop hinzugef\u00fcgt haben. Wir haben eine gro\u00dfe Auswahl an Mineralien, Fossilien und Sammlerst\u00fccken aus der ganzen Welt. Unsere Produkte sind von hoher Qualit\u00e4t und werden sorgf\u00e4ltig verpackt und versendet. Falls Sie etwas spezielles suchen, kontaktieren Sie uns gerne. Besonder alpine Mineralien, Neufunde &amp; europ\u00e4ische Klassiker sind unsere Spezialit\u00e4t.<\/p>\n\n\n\n<figure class=\"wp-block-image\"><a href=\"https:\/\/mineralica.com\/de\/marktplatz\/mineralica-2025-1-deutsch-e8j2g3\"><img src=\"https:\/\/mineralica.com\/images\/unsafe\/400x400\/e8j2g3\/67c5b546002591c54c17f5cd.webp\" alt=\"Mineralica 2025 - 1 (deutsch) 1\"\/><\/a><\/figure>\n\n\n\n<figure class=\"wp-block-image\"><a href=\"https:\/\/mineralica.com\/de\/marktplatz\/mineralica-2025-1-deutsch-e8j2g3\"><img src=\"https:\/\/mineralica.com\/images\/unsafe\/400x400\/e8j2g3\/67c5b52a002591c54c17f5cc.webp\" alt=\"Mineralica 2025 - 1 (deutsch) 2\"\/><\/a><\/figure>\n\n\n\n<h3><a href=\"https:\/\/mineralica.com\/de\/marktplatz\/mineralica-2025-1-deutsch-e8j2g3\">Mineralica 2025 &#8211; 1 (deutsch)<\/a><\/h3>\n\n\n\n<p>15.00 \u20ac<\/p>\n\n\n\n<figure class=\"wp-block-image\"><a href=\"https:\/\/mineralica.com\/de\/marktplatz\/mineralica-2025-3-deutsch-g9c0z6\"><img src=\"https:\/\/mineralica.com\/images\/unsafe\/400x400\/g9c0z6\/68ba2f756bf5e2a21b2f46f9.webp\" alt=\"Mineralica 2025 - 3 (deutsch) 1\"\/><\/a><\/figure>\n\n\n\n<h3><a href=\"https:\/\/mineralica.com\/de\/marktplatz\/mineralica-2025-3-deutsch-g9c0z6\">Mineralica 2025 &#8211; 3 (deutsch)<\/a><\/h3>\n\n\n\n<p>15.00 \u20ac<\/p>\n\n\n\n<figure class=\"wp-block-image\"><a href=\"https:\/\/mineralica.com\/de\/marktplatz\/mineralica-2025-1-englisch-9i2b0u\"><img src=\"https:\/\/mineralica.com\/images\/unsafe\/400x400\/9i2b0u\/679e3f5f093385d0700eb027.webp\" alt=\"Mineralica 2025 - 1 (englisch) 1\"\/><\/a><\/figure>\n\n\n\n<figure class=\"wp-block-image\"><a href=\"https:\/\/mineralica.com\/de\/marktplatz\/mineralica-2025-1-englisch-9i2b0u\"><img src=\"https:\/\/mineralica.com\/images\/unsafe\/400x400\/9i2b0u\/679e41ef093385d0700eb029.webp\" alt=\"Mineralica 2025 - 1 (englisch) 2\"\/><\/a><\/figure>\n\n\n\n<h3><a href=\"https:\/\/mineralica.com\/de\/marktplatz\/mineralica-2025-1-englisch-9i2b0u\">Mineralica 2025 &#8211; 1 (englisch)<\/a><\/h3>\n\n\n\n<p>15.00 \u20ac<\/p>\n\n\n\n<figure class=\"wp-block-image\"><a href=\"https:\/\/mineralica.com\/de\/marktplatz\/mineralica-sonderausgabe-2024-deutsch-j6b5w7\"><img src=\"https:\/\/mineralica.com\/images\/unsafe\/400x400\/j6b5w7\/67225f3b75dada09e0c55936.webp\" alt=\"Mineralica - Sonderausgabe 2024 (deutsch) 1\"\/><\/a><\/figure>\n\n\n\n<figure class=\"wp-block-image\"><a href=\"https:\/\/mineralica.com\/de\/marktplatz\/mineralica-sonderausgabe-2024-deutsch-j6b5w7\"><img src=\"https:\/\/mineralica.com\/images\/unsafe\/400x400\/j6b5w7\/67225f1f75dada09e0c55935.webp\" alt=\"Mineralica - Sonderausgabe 2024 (deutsch) 2\"\/><\/a><\/figure>\n\n\n\n<h3><a href=\"https:\/\/mineralica.com\/de\/marktplatz\/mineralica-sonderausgabe-2024-deutsch-j6b5w7\">Mineralica &#8211; Sonderausgabe 2024 (deutsch)<\/a><\/h3>\n\n\n\n<p>12.00 \u20ac<\/p>\n","protected":false},"excerpt":{"rendered":"<p>Mineralienzeitschrift \u00dcber Mineralica Mineralica ist ein Print- &amp; Onlinemagazin f\u00fcr alle Menschen, die sich f\u00fcr Mineralien und Bergbau interessieren. Im Besonderen befasst sich das Magazin mit dem Mineraliensammeln \u2013 von Berichten \u00fcber neue Fundstellen bis hin zu geschichtlichen Aufarbeitungen bekannter Bergwerke. Mineralica verfolgt dabei das ehrgeizige Ziel, Wissen frei zug\u00e4nglich zu machen. Das Magazin soll &hellip; <\/p>\n<p class=\"link-more\"><a href=\"http:\/\/alpine-mineralien.de\/?page_id=5386\" class=\"more-link\"><span class=\"screen-reader-text\">\u201eMINERALICA\u201c<\/span> weiterlesen<\/a><\/p>\n","protected":false},"author":1,"featured_media":0,"parent":0,"menu_order":0,"comment_status":"closed","ping_status":"closed","template":"","meta":[],"_links":{"self":[{"href":"http:\/\/alpine-mineralien.de\/index.php?rest_route=\/wp\/v2\/pages\/5386"}],"collection":[{"href":"http:\/\/alpine-mineralien.de\/index.php?rest_route=\/wp\/v2\/pages"}],"about":[{"href":"http:\/\/alpine-mineralien.de\/index.php?rest_route=\/wp\/v2\/types\/page"}],"author":[{"embeddable":true,"href":"http:\/\/alpine-mineralien.de\/index.php?rest_route=\/wp\/v2\/users\/1"}],"replies":[{"embeddable":true,"href":"http:\/\/alpine-mineralien.de\/index.php?rest_route=%2Fwp%2Fv2%2Fcomments&post=5386"}],"version-history":[{"count":5,"href":"http:\/\/alpine-mineralien.de\/index.php?rest_route=\/wp\/v2\/pages\/5386\/revisions"}],"predecessor-version":[{"id":5406,"href":"http:\/\/alpine-mineralien.de\/index.php?rest_route=\/wp\/v2\/pages\/5386\/revisions\/5406"}],"wp:attachment":[{"href":"http:\/\/alpine-mineralien.de\/index.php?rest_route=%2Fwp%2Fv2%2Fmedia&parent=5386"}],"curies":[{"name":"wp","href":"https:\/\/api.w.org\/{rel}","templated":true}]}}