{"id":1483,"date":"2018-09-29T12:20:47","date_gmt":"2018-09-29T12:20:47","guid":{"rendered":"http:\/\/alpine-mineralien.de\/?page_id=1483"},"modified":"2022-01-09T12:18:02","modified_gmt":"2022-01-09T12:18:02","slug":"apatit","status":"publish","type":"page","link":"http:\/\/alpine-mineralien.de\/?page_id=1483","title":{"rendered":"Apatit"},"content":{"rendered":"<hr \/>\n<p><strong>Apa 3 Hydroxyl-Apatit xx &#8211; EUR\u00a0 880,00<\/strong><br \/>\n12,5 x 7,5 x 2,5 cm<\/p>\n<p>Sapo Mine, Goiabera, Minas Gerais \/ Brasilien<\/p>\n<div id='gallery-1' class='gallery galleryid-1483 gallery-columns-3 gallery-size-full'><figure class='gallery-item'>\n\t\t\t<div class='gallery-icon landscape'>\n\t\t\t\t<a href='http:\/\/alpine-mineralien.de\/wp-content\/uploads\/2018\/09\/PREVIEW_114164738337033.jpg'><img width=\"400\" height=\"300\" src=\"http:\/\/alpine-mineralien.de\/wp-content\/uploads\/2018\/09\/PREVIEW_114164738337033.jpg\" class=\"attachment-full size-full\" alt=\"\" loading=\"lazy\" srcset=\"http:\/\/alpine-mineralien.de\/wp-content\/uploads\/2018\/09\/PREVIEW_114164738337033.jpg 400w, http:\/\/alpine-mineralien.de\/wp-content\/uploads\/2018\/09\/PREVIEW_114164738337033-300x225.jpg 300w\" sizes=\"100vw\" \/><\/a>\n\t\t\t<\/div><\/figure><figure class='gallery-item'>\n\t\t\t<div class='gallery-icon landscape'>\n\t\t\t\t<a href='http:\/\/alpine-mineralien.de\/wp-content\/uploads\/2018\/09\/PREVIEW_114164742844236.jpg'><img width=\"400\" height=\"300\" src=\"http:\/\/alpine-mineralien.de\/wp-content\/uploads\/2018\/09\/PREVIEW_114164742844236.jpg\" class=\"attachment-full size-full\" alt=\"\" loading=\"lazy\" srcset=\"http:\/\/alpine-mineralien.de\/wp-content\/uploads\/2018\/09\/PREVIEW_114164742844236.jpg 400w, http:\/\/alpine-mineralien.de\/wp-content\/uploads\/2018\/09\/PREVIEW_114164742844236-300x225.jpg 300w\" sizes=\"100vw\" \/><\/a>\n\t\t\t<\/div><\/figure><figure class='gallery-item'>\n\t\t\t<div class='gallery-icon landscape'>\n\t\t\t\t<a href='http:\/\/alpine-mineralien.de\/wp-content\/uploads\/2018\/09\/PREVIEW_114164747589039.jpg'><img width=\"400\" height=\"300\" src=\"http:\/\/alpine-mineralien.de\/wp-content\/uploads\/2018\/09\/PREVIEW_114164747589039.jpg\" class=\"attachment-full size-full\" alt=\"\" loading=\"lazy\" srcset=\"http:\/\/alpine-mineralien.de\/wp-content\/uploads\/2018\/09\/PREVIEW_114164747589039.jpg 400w, http:\/\/alpine-mineralien.de\/wp-content\/uploads\/2018\/09\/PREVIEW_114164747589039-300x225.jpg 300w\" sizes=\"100vw\" \/><\/a>\n\t\t\t<\/div><\/figure><figure class='gallery-item'>\n\t\t\t<div class='gallery-icon landscape'>\n\t\t\t\t<a href='http:\/\/alpine-mineralien.de\/wp-content\/uploads\/2018\/09\/PREVIEW_114164752412842.jpg'><img width=\"400\" height=\"300\" src=\"http:\/\/alpine-mineralien.de\/wp-content\/uploads\/2018\/09\/PREVIEW_114164752412842.jpg\" class=\"attachment-full size-full\" alt=\"\" loading=\"lazy\" srcset=\"http:\/\/alpine-mineralien.de\/wp-content\/uploads\/2018\/09\/PREVIEW_114164752412842.jpg 400w, http:\/\/alpine-mineralien.de\/wp-content\/uploads\/2018\/09\/PREVIEW_114164752412842-300x225.jpg 300w\" sizes=\"100vw\" \/><\/a>\n\t\t\t<\/div><\/figure>\n\t\t<\/div>\n\n<p>Einer der au\u00dfergew\u00f6hnlichsten Funde aus dem Jahr 2005 lieferte eine Druse mit Apatit xx in der Sapo Mine, die vor \u00fcber 10 Jahren f\u00fcr ihre &#8222;Blue Cap&#8220; &#8211; Turmaline ber\u00fchmt wurde. Zuerst aufgrund einer Falschanalyse f\u00fcr Carbonat-Fluorapatit xx eingestuft, brachte eine zweite verl\u00e4\u00dfliche Analyse die \u00dcberraschung: Hydroxyl-Apatit !<\/p>\n<p>Allein die ungew\u00f6hnliche Farbe sowie die au\u00dfergew\u00f6hnliche Kristallform und die Gr\u00f6\u00dfe der Kristalle machen die St\u00fccke schon interessant. Mit Recht kann man sagen, dass es sich um die weltbesten Hydroxylapatite handelt ! Diese sind gegen\u00fcber den &#8222;normalen&#8220; Fluorapatiten als \u00e4u\u00dferst selten einzustufen (siehe LAPIS 1\/2006).<\/p>\n<p>Insgesamt wurden ca. 200 Stufen in dieser Topqualit\u00e4t gefunden und ich bin stolz, hier einige dieser Seltenheiten zu pr\u00e4sentieren. Bis heute sind keine weiteren Stufen dieser Art gefunden worden und daher z\u00e4hlen diese Stufen zu den absoluten Rarit\u00e4ten auf dem Mineralienmarkt.<\/p>\n<p>Die Stufen bestechen durch die ungew\u00f6hnliche intensive gr\u00fcne Farbe der Kristalle und zeigen oft einen gelblichen Kern \/ Zonarbau. Auf der wei\u00dfen Orthoklasmatrix bilden die gr\u00fcnen Kristalle einen \u00e4sthetischen Kontrast. Ein sehr seltenes Mineral und dazu noch h\u00fcbsch &#8211; was will man mehr ?<\/p>\n<p>Mehrere sch\u00f6n freistehende Apatitkristalle bis 3,2 cm auf Orthoklasmatrix mit teils schneewei\u00dfen Clevelandit xx &#8211; Partien. Die intensiv gr\u00fcnen, teils zoniert (gelb) gef\u00e4rbten Apatite bilden so einen einzigartigen Kontrast zum hellen Untergrund. Auch bei diesem St\u00fcck wird erkennbar, dass die Stufen nicht herausgeschlagen wurden, sondern jede Stufe ist +\/- allseitig kristallisiert, wobei es immer eine Hauptseite gibt. Es handelt sich um eine Feldspatbrekzie. Auch das ein Grund f\u00fcr die perfekten, unbesch\u00e4digten Stufen. Fund aus dem Jahr 2005.<\/p>\n<p>&#8212;&#8212;&#8212;&#8212;&#8212;&#8212;&#8212;&#8212;&#8212;&#8212;&#8212;&#8212;&#8212;&#8212;&#8212;&#8212;&#8212;&#8212;&#8212;&#8212;&#8212;&#8212;&#8212;&#8212;&#8212;&#8212;&#8212;&#8212;&#8212;&#8212;&#8212;<\/p>\n<p>T<em>hese Apatites are a good example of an interesting scientific story. Found in 2005, the crystals were first analysed as<\/em><br \/>\n<em>Carbonate-Fluorapatite &#8211; but this was wrong. A second analyses shows, that these are Hydroxyl-Apatites ! The crystals have a maximum size of 4 cm and are deep green with sometimes a yellow core.<\/em><\/p>\n<p><em>The crystals show an interesting form and togehther with the white Orthoklas-Matrix they are very \u00e4sthetic, too. In this high quality, only +\/- 200 specimens have been found. Again: these is a very rare Apatite species in a very showy form. For sure, these are the world`s best Hydroxyl-Apatites. Its not shure, if there will be more Hydroxyl-Apatites come out of the mine, that produces about 10 years ago the famous &#8222;Blue-Cap Tourmalines&#8220;.<\/em><\/p>\n<p><em>Big Apatites xx up to 3,2 cm with an intensiv green colour. Some xx show the yellow core. All crystals are perfect, because the matrix is a Feldsparbreccie crystallized allaround, but allways with a main side. A really \u00e4sthetic specimen.<\/em><\/p>\n<hr \/>\n<p><strong>APA 6 Apatit x &#8211; EUR 48,00<\/strong><br \/>\n2,5 x 2,2 x 2 cm<\/p>\n<p>Baikalsee \/ Ru\u00dfland<\/p>\n<div id='gallery-2' class='gallery galleryid-1483 gallery-columns-3 gallery-size-full'><figure class='gallery-item'>\n\t\t\t<div class='gallery-icon landscape'>\n\t\t\t\t<a href='http:\/\/alpine-mineralien.de\/wp-content\/uploads\/2018\/09\/PREVIEW_121586219200199.jpg'><img width=\"400\" height=\"300\" src=\"http:\/\/alpine-mineralien.de\/wp-content\/uploads\/2018\/09\/PREVIEW_121586219200199.jpg\" class=\"attachment-full size-full\" alt=\"\" loading=\"lazy\" srcset=\"http:\/\/alpine-mineralien.de\/wp-content\/uploads\/2018\/09\/PREVIEW_121586219200199.jpg 400w, http:\/\/alpine-mineralien.de\/wp-content\/uploads\/2018\/09\/PREVIEW_121586219200199-300x225.jpg 300w\" sizes=\"100vw\" \/><\/a>\n\t\t\t<\/div><\/figure><figure class='gallery-item'>\n\t\t\t<div class='gallery-icon landscape'>\n\t\t\t\t<a href='http:\/\/alpine-mineralien.de\/wp-content\/uploads\/2018\/09\/PREVIEW_1215862233772102.jpg'><img width=\"400\" height=\"300\" src=\"http:\/\/alpine-mineralien.de\/wp-content\/uploads\/2018\/09\/PREVIEW_1215862233772102.jpg\" class=\"attachment-full size-full\" alt=\"\" loading=\"lazy\" srcset=\"http:\/\/alpine-mineralien.de\/wp-content\/uploads\/2018\/09\/PREVIEW_1215862233772102.jpg 400w, http:\/\/alpine-mineralien.de\/wp-content\/uploads\/2018\/09\/PREVIEW_1215862233772102-300x225.jpg 300w\" sizes=\"100vw\" \/><\/a>\n\t\t\t<\/div><\/figure>\n\t\t<\/div>\n\n<p>Flaschengr\u00fcner 2,5 cm gro\u00dfer Apatitkristall mit nat\u00fcrlich ange\u00e4tzter Endfl\u00e4che. Alter Fund aus den 1970`er Jahren.<\/p>\n<p><em>This is an old find from the Baikalarea in Russia: a 2,5 cm green Apatite with etched termination.<\/em><\/p>\n<p>__________________________________________________________________________<\/p>\n<p><strong>M 1 \u00a0\u00a0\u00a0 Apatit x &#8211; EUR 640,00<\/strong><br \/>\n5,5 x 3 x 3,5 cm<\/p>\n<p><strong>Nagar, Hunza Tal, Gilgit \/ Pakistan<br \/>\n&#8211;<br \/>\n<\/strong><\/p>\n<div id='gallery-3' class='gallery galleryid-1483 gallery-columns-3 gallery-size-full'><figure class='gallery-item'>\n\t\t\t<div class='gallery-icon landscape'>\n\t\t\t\t<a href='http:\/\/alpine-mineralien.de\/wp-content\/uploads\/2018\/09\/PREVIEW_151198657376345.jpg'><img width=\"400\" height=\"300\" src=\"http:\/\/alpine-mineralien.de\/wp-content\/uploads\/2018\/09\/PREVIEW_151198657376345.jpg\" class=\"attachment-full size-full\" alt=\"\" loading=\"lazy\" srcset=\"http:\/\/alpine-mineralien.de\/wp-content\/uploads\/2018\/09\/PREVIEW_151198657376345.jpg 400w, http:\/\/alpine-mineralien.de\/wp-content\/uploads\/2018\/09\/PREVIEW_151198657376345-300x225.jpg 300w\" sizes=\"100vw\" \/><\/a>\n\t\t\t<\/div><\/figure><figure class='gallery-item'>\n\t\t\t<div class='gallery-icon landscape'>\n\t\t\t\t<a href='http:\/\/alpine-mineralien.de\/wp-content\/uploads\/2018\/09\/PREVIEW_151198655766842.jpg'><img width=\"400\" height=\"300\" src=\"http:\/\/alpine-mineralien.de\/wp-content\/uploads\/2018\/09\/PREVIEW_151198655766842.jpg\" class=\"attachment-full size-full\" alt=\"\" loading=\"lazy\" srcset=\"http:\/\/alpine-mineralien.de\/wp-content\/uploads\/2018\/09\/PREVIEW_151198655766842.jpg 400w, http:\/\/alpine-mineralien.de\/wp-content\/uploads\/2018\/09\/PREVIEW_151198655766842-300x225.jpg 300w\" sizes=\"100vw\" \/><\/a>\n\t\t\t<\/div><\/figure><figure class='gallery-item'>\n\t\t\t<div class='gallery-icon landscape'>\n\t\t\t\t<a href='http:\/\/alpine-mineralien.de\/wp-content\/uploads\/2018\/09\/PREVIEW_151198650203036.jpg'><img width=\"400\" height=\"300\" src=\"http:\/\/alpine-mineralien.de\/wp-content\/uploads\/2018\/09\/PREVIEW_151198650203036.jpg\" class=\"attachment-full size-full\" alt=\"\" loading=\"lazy\" srcset=\"http:\/\/alpine-mineralien.de\/wp-content\/uploads\/2018\/09\/PREVIEW_151198650203036.jpg 400w, http:\/\/alpine-mineralien.de\/wp-content\/uploads\/2018\/09\/PREVIEW_151198650203036-300x225.jpg 300w\" sizes=\"100vw\" \/><\/a>\n\t\t\t<\/div><\/figure><figure class='gallery-item'>\n\t\t\t<div class='gallery-icon landscape'>\n\t\t\t\t<a href='http:\/\/alpine-mineralien.de\/wp-content\/uploads\/2018\/09\/PREVIEW_151198652330139.jpg'><img width=\"400\" height=\"300\" src=\"http:\/\/alpine-mineralien.de\/wp-content\/uploads\/2018\/09\/PREVIEW_151198652330139.jpg\" class=\"attachment-full size-full\" alt=\"\" loading=\"lazy\" srcset=\"http:\/\/alpine-mineralien.de\/wp-content\/uploads\/2018\/09\/PREVIEW_151198652330139.jpg 400w, http:\/\/alpine-mineralien.de\/wp-content\/uploads\/2018\/09\/PREVIEW_151198652330139-300x225.jpg 300w\" sizes=\"100vw\" \/><\/a>\n\t\t\t<\/div><\/figure><figure class='gallery-item'>\n\t\t\t<div class='gallery-icon landscape'>\n\t\t\t\t<a href='http:\/\/alpine-mineralien.de\/wp-content\/uploads\/2018\/09\/PREVIEW_151198648055433.jpg'><img width=\"400\" height=\"300\" src=\"http:\/\/alpine-mineralien.de\/wp-content\/uploads\/2018\/09\/PREVIEW_151198648055433.jpg\" class=\"attachment-full size-full\" alt=\"\" loading=\"lazy\" srcset=\"http:\/\/alpine-mineralien.de\/wp-content\/uploads\/2018\/09\/PREVIEW_151198648055433.jpg 400w, http:\/\/alpine-mineralien.de\/wp-content\/uploads\/2018\/09\/PREVIEW_151198648055433-300x225.jpg 300w\" sizes=\"100vw\" \/><\/a>\n\t\t\t<\/div><\/figure>\n\t\t<\/div>\n\n<p>Ein 3 x 2,5 x 1,5 cm gro\u00dfer, schwach rosa Apatit x zusammen mit ein paar kleineren Apatiten auf heller Feldspatmatrix. Der Apatit sitzt sch\u00f6n frei und ist milchig-gl\u00e4nzend.<br \/>\nSelten habe ich einen solch gro\u00dfen Apatit x auf einer so ausgewogenen Matrix gesehen; eine sehr ansprechende Apatitstufe aus dem Himalaya.<\/p>\n","protected":false},"excerpt":{"rendered":"<p>Apa 3 Hydroxyl-Apatit xx &#8211; EUR\u00a0 880,00 12,5 x 7,5 x 2,5 cm Sapo Mine, Goiabera, Minas Gerais \/ Brasilien Einer der au\u00dfergew\u00f6hnlichsten Funde aus dem Jahr 2005 lieferte eine Druse mit Apatit xx in der Sapo Mine, die vor \u00fcber 10 Jahren f\u00fcr ihre &#8222;Blue Cap&#8220; &#8211; Turmaline ber\u00fchmt wurde. Zuerst aufgrund einer Falschanalyse &hellip; <\/p>\n<p class=\"link-more\"><a href=\"http:\/\/alpine-mineralien.de\/?page_id=1483\" class=\"more-link\"><span class=\"screen-reader-text\">\u201eApatit\u201c<\/span> weiterlesen<\/a><\/p>\n","protected":false},"author":1,"featured_media":0,"parent":0,"menu_order":0,"comment_status":"closed","ping_status":"closed","template":"","meta":[],"_links":{"self":[{"href":"http:\/\/alpine-mineralien.de\/index.php?rest_route=\/wp\/v2\/pages\/1483"}],"collection":[{"href":"http:\/\/alpine-mineralien.de\/index.php?rest_route=\/wp\/v2\/pages"}],"about":[{"href":"http:\/\/alpine-mineralien.de\/index.php?rest_route=\/wp\/v2\/types\/page"}],"author":[{"embeddable":true,"href":"http:\/\/alpine-mineralien.de\/index.php?rest_route=\/wp\/v2\/users\/1"}],"replies":[{"embeddable":true,"href":"http:\/\/alpine-mineralien.de\/index.php?rest_route=%2Fwp%2Fv2%2Fcomments&post=1483"}],"version-history":[{"count":4,"href":"http:\/\/alpine-mineralien.de\/index.php?rest_route=\/wp\/v2\/pages\/1483\/revisions"}],"predecessor-version":[{"id":3911,"href":"http:\/\/alpine-mineralien.de\/index.php?rest_route=\/wp\/v2\/pages\/1483\/revisions\/3911"}],"wp:attachment":[{"href":"http:\/\/alpine-mineralien.de\/index.php?rest_route=%2Fwp%2Fv2%2Fmedia&parent=1483"}],"curies":[{"name":"wp","href":"https:\/\/api.w.org\/{rel}","templated":true}]}}