{"id":1457,"date":"2018-09-29T12:13:14","date_gmt":"2018-09-29T12:13:14","guid":{"rendered":"http:\/\/alpine-mineralien.de\/?page_id=1457"},"modified":"2023-01-28T12:27:21","modified_gmt":"2023-01-28T12:27:21","slug":"1457-2","status":"publish","type":"page","link":"http:\/\/alpine-mineralien.de\/?page_id=1457","title":{"rendered":"H\u00f6hlenperlen \/ Bird`s Nest"},"content":{"rendered":"<p><strong>HP 0 H\u00f6hlenperlen &#8211; Birds Nest<\/strong><\/p>\n<p>Aktuell<\/p>\n<p>Die wohl gr\u00f6\u00dfte Auswahl hervorragender H\u00f6hlenperlen \/ Vogelnester aus dem Richelsdorfer Bergbaurevier mit Funden aus den sp\u00e4ten 1970- er Jahren.<\/p>\n<p>NOW<\/p>\n<p>The biggest ever seen offer of the famous Bird`s Nests from the midle age Richelsdorf mining area \/ Germany- collected in the late 1970`s.<\/p>\n<p>&#8211;<\/p>\n<p><a class=\"category-menu\" href=\"http:\/\/images.alpine-minerals.de\/product\/131\/DSCF0636.JPG\" target=\"_blank\" rel=\"noopener noreferrer\"><br \/>\n<img loading=\"lazy\" class=\"alignnone\" src=\"http:\/\/images.alpine-minerals.de\/product\/131\/resized\/PREVIEW_11425841434593.jpg\" alt=\"\" width=\"400\" height=\"300\" border=\"0\/\" \/> <\/a><br \/>\nDetail einer H\u00f6hlenperlenplatte mit drei &#8222;Nestern&#8220;<\/p>\n<p>Detail of a three Nest specimen<\/p>\n<hr \/>\n<p>HP 00 H\u00f6hlenperlen \/ Bird`s Nest<\/p>\n<p>Richelsdorfer Gebirge, Hessen \/ Deutschland<br \/>\nRichelsdorf Mountains , Hessen \/ Germany<\/p>\n<p><a class=\"category-menu\" href=\"http:\/\/images.alpine-minerals.de\/product\/137\/DSCF1033.JPG\" target=\"_blank\" rel=\"noopener noreferrer\"><br \/>\n<img loading=\"lazy\" class=\"alignnone\" src=\"http:\/\/images.alpine-minerals.de\/product\/137\/resized\/PREVIEW_1144785292105150.jpg\" alt=\"\" width=\"400\" height=\"300\" border=\"0\/\" \/> <\/a><\/p>\n<p>H\u00f6hlenperlen sind eine Bildung in H\u00f6hlen bzw. alten Bergwerken und werden nur sehr selten angeboten. Sie enstehen durch Tropfen, die auf einem weichen Boden &#8222;Trichter&#8220; aussprengen und durch Kalkablagerungen &#8222;versintern&#8220;. In dem Sintertopf (Vogelnest) bilden sich um kleine Keime herum die H\u00f6hlenperlen (Eier), die konzentrisch wachsen und bei jedem Tropfen herumgewirbelt werden. H\u00f6hlenperlen und Trichter m\u00fcssen nicht zwangsl\u00e4ufig die gleiche Farbe haben.<\/p>\n<p>Es gibt flache und kugelige Perlen und die Trichter sind auch sehr verschieden. Als Rarit\u00e4t gelten St\u00fccke mit mehreren Trichtern. Wenn die Tropfenenergie nicht mehr ausreicht, um die Perlen zu bewegen, wachsen diese mit der Zeit fest. Manchmal kann man auf den St\u00fccken auch noch die &#8222;Flu\u00dfbetten&#8220; der Wasserbewegung erkennen. Sind diese &#8222;Nester&#8220; l\u00e4ngere Zeit unter stiller Wasserbedeckung, bilden sich Calcitkristalle.<\/p>\n<p>Die hier gezeigten H\u00f6hlenperlenstufen z\u00e4hlen zu dem bisher gr\u00f6\u00dften bekannten weltweiten Angebot. Aus nat\u00fcrlichen H\u00f6hlen werden aus Schutzgr\u00fcnden keine &#8222;Nester&#8220; geborgen. Die hier gezeigten St\u00fccke wurden von 1976 &#8211; 1979 in den alten Stollensytemen des Richelsdorfer Bergbaureviers geborgen und waren bisher Bestandteil einer Spezialsammlung.<\/p>\n<p>Diese Bergwerksanlagen wurden von ca. 1750 bis 1945 auf Kupferschiefer und Baryt abgebaut. Durch Einlagerungen von Mineralien erhielten die &#8222;Vogelnester&#8220; unterschiedliche Farben. Sehr apart sehen die samtbraunen Stufen aus.<\/p>\n<p>S\u00e4mtliche Stollenzug\u00e4nge wurden in den 1980 &#8211; er Jahren dauerhaft verschlossen, so dass keine Neufunde mehr zu erwarten sind.<\/p>\n<p>&#8212;&#8212;&#8212;&#8212;&#8212;&#8212;&#8212;&#8212;&#8212;&#8212;&#8212;&#8212;&#8212;&#8212;&#8212;&#8212;&#8212;&#8212;&#8212;&#8212;&#8211;<\/p>\n<p><em>Bird` nests are a very rare genesis in natural caves and old mine areas. These bird` s nests were found in the late 1970`s in the old mines of the Richelsdorf Mountains \/ Germany, where Coppershist and later Barite was found. All mines were closed in the mid 1980 `s and now, we will offer you the biggest ever shown offer of these rare mineralogical &#8222;aliens&#8220;.<\/em><\/p>\n<p><em>They were built by waterdrops falling on the ground and built a crater or &#8222;nest&#8220;. Small pieces of rock were the initial start up for the &#8222;eggs&#8220;. When the eggs become too big, they were fixed on the nest. Often the colour of the nest vary from the egg`s colour. Normally, the eggs have a size up to 1 cm, fixed eggs may reach more than 3 cm.<\/em><\/p>\n<hr \/>\n<p><strong>HP 04 The KING<\/strong> &#8211; EUR 390,00<br \/>\n53,5 x 38 x 5 cm<\/p>\n<p>Iba, Richelsdorfer Gebirge, Hessen \/ Deutschland<\/p>\n<div id='gallery-1' class='gallery galleryid-1457 gallery-columns-3 gallery-size-full'><figure class='gallery-item'>\n\t\t\t<div class='gallery-icon landscape'>\n\t\t\t\t<a href='http:\/\/alpine-mineralien.de\/wp-content\/uploads\/2018\/09\/PREVIEW_11445845378449.jpg'><img width=\"400\" height=\"300\" src=\"http:\/\/alpine-mineralien.de\/wp-content\/uploads\/2018\/09\/PREVIEW_11445845378449.jpg\" class=\"attachment-full size-full\" alt=\"\" loading=\"lazy\" srcset=\"http:\/\/alpine-mineralien.de\/wp-content\/uploads\/2018\/09\/PREVIEW_11445845378449.jpg 400w, http:\/\/alpine-mineralien.de\/wp-content\/uploads\/2018\/09\/PREVIEW_11445845378449-300x225.jpg 300w\" sizes=\"100vw\" \/><\/a>\n\t\t\t<\/div><\/figure><figure class='gallery-item'>\n\t\t\t<div class='gallery-icon landscape'>\n\t\t\t\t<a href='http:\/\/alpine-mineralien.de\/wp-content\/uploads\/2018\/09\/PREVIEW_114458460495412.jpg'><img width=\"400\" height=\"300\" src=\"http:\/\/alpine-mineralien.de\/wp-content\/uploads\/2018\/09\/PREVIEW_114458460495412.jpg\" class=\"attachment-full size-full\" alt=\"\" loading=\"lazy\" srcset=\"http:\/\/alpine-mineralien.de\/wp-content\/uploads\/2018\/09\/PREVIEW_114458460495412.jpg 400w, http:\/\/alpine-mineralien.de\/wp-content\/uploads\/2018\/09\/PREVIEW_114458460495412-300x225.jpg 300w\" sizes=\"100vw\" \/><\/a>\n\t\t\t<\/div><\/figure><figure class='gallery-item'>\n\t\t\t<div class='gallery-icon landscape'>\n\t\t\t\t<a href='http:\/\/alpine-mineralien.de\/wp-content\/uploads\/2018\/09\/PREVIEW_114458468860215.jpg'><img width=\"400\" height=\"300\" src=\"http:\/\/alpine-mineralien.de\/wp-content\/uploads\/2018\/09\/PREVIEW_114458468860215.jpg\" class=\"attachment-full size-full\" alt=\"\" loading=\"lazy\" srcset=\"http:\/\/alpine-mineralien.de\/wp-content\/uploads\/2018\/09\/PREVIEW_114458468860215.jpg 400w, http:\/\/alpine-mineralien.de\/wp-content\/uploads\/2018\/09\/PREVIEW_114458468860215-300x225.jpg 300w\" sizes=\"100vw\" \/><\/a>\n\t\t\t<\/div><\/figure><figure class='gallery-item'>\n\t\t\t<div class='gallery-icon landscape'>\n\t\t\t\t<a href='http:\/\/alpine-mineralien.de\/wp-content\/uploads\/2018\/09\/PREVIEW_114458474359118.jpg'><img width=\"400\" height=\"300\" src=\"http:\/\/alpine-mineralien.de\/wp-content\/uploads\/2018\/09\/PREVIEW_114458474359118.jpg\" class=\"attachment-full size-full\" alt=\"\" loading=\"lazy\" srcset=\"http:\/\/alpine-mineralien.de\/wp-content\/uploads\/2018\/09\/PREVIEW_114458474359118.jpg 400w, http:\/\/alpine-mineralien.de\/wp-content\/uploads\/2018\/09\/PREVIEW_114458474359118-300x225.jpg 300w\" sizes=\"100vw\" \/><\/a>\n\t\t\t<\/div><\/figure>\n\t\t<\/div>\n\n<p>Dieses St\u00fcck ist kein klassisches Vogelnest, sondern eine der seltensten und interessantesten Sinterbildungen in den alten Stollen: es handelt sich um versinterte Wurzeln, die auf dem Boden fielen und mit einer dicken Aragonitkruste umh\u00fcllt wurden. Die Wurzeln selber sind verrottet und nur noch die Hohlkan\u00e4le sind sichtbar. Die Farbe ist ein zartes gr\u00fcn-braun mit Samteffekt. Die Stufe erinnert schon ein wenig an eine versteinerte Seelilie &#8211; es ist aber ein Mineral ! Die Ausbildung fand v\u00f6llig unter Wasser statt. Diese St\u00fccke wurden nur einmal 1977 an einer einzigen Stelle gefunden und dieses hier geh\u00f6rt zu den Besten !<\/p>\n<p><em>This is not a classic &#8222;Nest&#8220; &#8211; its more rare than these ! It looks like a petrified Crinoid, but its Aragonit, which grew around little roots (the mine was only 20 Meters below surface) totally under water. The piece shows a light green-brown colour. Specimens like the were found only in 1977 in only one little part of that mine and its one of the best ever found ! A huge + imposant + dekorative Specimen !<\/em><\/p>\n<hr \/>\n<p><strong>HP 05 The QUEEN<\/strong> &#8211;\u00a0\u00a0 Sold &#8211;<br \/>\n28 x 24 x 5 cm<\/p>\n<p>Iba, Richelsdorfer Gebirge, Hessen \/ Deutschland<\/p>\n<div id='gallery-2' class='gallery galleryid-1457 gallery-columns-3 gallery-size-full'><figure class='gallery-item'>\n\t\t\t<div class='gallery-icon landscape'>\n\t\t\t\t<a href='http:\/\/alpine-mineralien.de\/wp-content\/uploads\/2018\/09\/PREVIEW_114458631440221.jpg'><img width=\"400\" height=\"300\" src=\"http:\/\/alpine-mineralien.de\/wp-content\/uploads\/2018\/09\/PREVIEW_114458631440221.jpg\" class=\"attachment-full size-full\" alt=\"\" loading=\"lazy\" srcset=\"http:\/\/alpine-mineralien.de\/wp-content\/uploads\/2018\/09\/PREVIEW_114458631440221.jpg 400w, http:\/\/alpine-mineralien.de\/wp-content\/uploads\/2018\/09\/PREVIEW_114458631440221-300x225.jpg 300w\" sizes=\"100vw\" \/><\/a>\n\t\t\t<\/div><\/figure><figure class='gallery-item'>\n\t\t\t<div class='gallery-icon landscape'>\n\t\t\t\t<a href='http:\/\/alpine-mineralien.de\/wp-content\/uploads\/2018\/09\/PREVIEW_114458640464224.jpg'><img width=\"400\" height=\"300\" src=\"http:\/\/alpine-mineralien.de\/wp-content\/uploads\/2018\/09\/PREVIEW_114458640464224.jpg\" class=\"attachment-full size-full\" alt=\"\" loading=\"lazy\" srcset=\"http:\/\/alpine-mineralien.de\/wp-content\/uploads\/2018\/09\/PREVIEW_114458640464224.jpg 400w, http:\/\/alpine-mineralien.de\/wp-content\/uploads\/2018\/09\/PREVIEW_114458640464224-300x225.jpg 300w\" sizes=\"100vw\" \/><\/a>\n\t\t\t<\/div><\/figure><figure class='gallery-item'>\n\t\t\t<div class='gallery-icon landscape'>\n\t\t\t\t<a href='http:\/\/alpine-mineralien.de\/wp-content\/uploads\/2018\/09\/PREVIEW_114458669423033.jpg'><img width=\"400\" height=\"300\" src=\"http:\/\/alpine-mineralien.de\/wp-content\/uploads\/2018\/09\/PREVIEW_114458669423033.jpg\" class=\"attachment-full size-full\" alt=\"\" loading=\"lazy\" srcset=\"http:\/\/alpine-mineralien.de\/wp-content\/uploads\/2018\/09\/PREVIEW_114458669423033.jpg 400w, http:\/\/alpine-mineralien.de\/wp-content\/uploads\/2018\/09\/PREVIEW_114458669423033-300x225.jpg 300w\" sizes=\"100vw\" \/><\/a>\n\t\t\t<\/div><\/figure><figure class='gallery-item'>\n\t\t\t<div class='gallery-icon landscape'>\n\t\t\t\t<a href='http:\/\/alpine-mineralien.de\/wp-content\/uploads\/2018\/09\/PREVIEW_114467369892584.jpg'><img width=\"400\" height=\"300\" src=\"http:\/\/alpine-mineralien.de\/wp-content\/uploads\/2018\/09\/PREVIEW_114467369892584.jpg\" class=\"attachment-full size-full\" alt=\"\" loading=\"lazy\" srcset=\"http:\/\/alpine-mineralien.de\/wp-content\/uploads\/2018\/09\/PREVIEW_114467369892584.jpg 400w, http:\/\/alpine-mineralien.de\/wp-content\/uploads\/2018\/09\/PREVIEW_114467369892584-300x225.jpg 300w\" sizes=\"100vw\" \/><\/a>\n\t\t\t<\/div><\/figure><figure class='gallery-item'>\n\t\t\t<div class='gallery-icon landscape'>\n\t\t\t\t<a href='http:\/\/alpine-mineralien.de\/wp-content\/uploads\/2018\/09\/PREVIEW_114467376945487.jpg'><img width=\"400\" height=\"300\" src=\"http:\/\/alpine-mineralien.de\/wp-content\/uploads\/2018\/09\/PREVIEW_114467376945487.jpg\" class=\"attachment-full size-full\" alt=\"\" loading=\"lazy\" srcset=\"http:\/\/alpine-mineralien.de\/wp-content\/uploads\/2018\/09\/PREVIEW_114467376945487.jpg 400w, http:\/\/alpine-mineralien.de\/wp-content\/uploads\/2018\/09\/PREVIEW_114467376945487-300x225.jpg 300w\" sizes=\"100vw\" \/><\/a>\n\t\t\t<\/div><\/figure>\n\t\t<\/div>\n\n<p>The Queen hat die gleiche Genese wir The KING. Diese Stufe ist zwar kleiner, hat aber die deutlicher ausgebildeten versinterten Wurzeln (bis Fingerdick), die sehr &#8211; dimensional ausgebildet sind. Auch hier dind die Wurzeln nur noch als leere R\u00f6hren erhalten. Ein St\u00fcck ist repariert. Von der Unterseite lassen sich mehrere Tropftrichter ausmachen, aber es sind keine H\u00f6hlenperlen vorhanden &#8211; wahrscheinlich waren keine geeigneten &#8222;Keime&#8220; vorhanden. Auch dieses St\u00fcck ist in absoluter Topqualit\u00e4t und ist mein Lieblingsst\u00fcck &#8211; sehr dekorativ.<\/p>\n<p><em>This specimen has the same genesis than The KING, but its smaller &#8211; but even BIG ! It shows very 3- dimensional petrified roots where you can see the emty tunnel from the root.One stick is repaired On the backside you may see some Nests but there are no &#8222;eggs&#8220; (Cave-Pearls). Its my favourate piece.<\/em><\/p>\n<hr \/>\n<p><strong>HP 08 H\u00f6hlenperlen \/ Cave-Pearls<\/strong> &#8211; EUR 195,00<\/p>\n<p>Iba, Richeldorfer Gebirge, Hessen \/ Deutschland<\/p>\n<div id='gallery-3' class='gallery galleryid-1457 gallery-columns-3 gallery-size-full'><figure class='gallery-item'>\n\t\t\t<div class='gallery-icon landscape'>\n\t\t\t\t<a href='http:\/\/alpine-mineralien.de\/wp-content\/uploads\/2018\/09\/PREVIEW_114458756748039.jpg'><img width=\"400\" height=\"300\" src=\"http:\/\/alpine-mineralien.de\/wp-content\/uploads\/2018\/09\/PREVIEW_114458756748039.jpg\" class=\"attachment-full size-full\" alt=\"\" loading=\"lazy\" srcset=\"http:\/\/alpine-mineralien.de\/wp-content\/uploads\/2018\/09\/PREVIEW_114458756748039.jpg 400w, http:\/\/alpine-mineralien.de\/wp-content\/uploads\/2018\/09\/PREVIEW_114458756748039-300x225.jpg 300w\" sizes=\"100vw\" \/><\/a>\n\t\t\t<\/div><\/figure><figure class='gallery-item'>\n\t\t\t<div class='gallery-icon landscape'>\n\t\t\t\t<a href='http:\/\/alpine-mineralien.de\/wp-content\/uploads\/2018\/09\/PREVIEW_114458763373042.jpg'><img width=\"400\" height=\"300\" src=\"http:\/\/alpine-mineralien.de\/wp-content\/uploads\/2018\/09\/PREVIEW_114458763373042.jpg\" class=\"attachment-full size-full\" alt=\"\" loading=\"lazy\" srcset=\"http:\/\/alpine-mineralien.de\/wp-content\/uploads\/2018\/09\/PREVIEW_114458763373042.jpg 400w, http:\/\/alpine-mineralien.de\/wp-content\/uploads\/2018\/09\/PREVIEW_114458763373042-300x225.jpg 300w\" sizes=\"100vw\" \/><\/a>\n\t\t\t<\/div><\/figure><figure class='gallery-item'>\n\t\t\t<div class='gallery-icon landscape'>\n\t\t\t\t<a href='http:\/\/alpine-mineralien.de\/wp-content\/uploads\/2018\/09\/PREVIEW_114458770144345.jpg'><img width=\"400\" height=\"300\" src=\"http:\/\/alpine-mineralien.de\/wp-content\/uploads\/2018\/09\/PREVIEW_114458770144345.jpg\" class=\"attachment-full size-full\" alt=\"\" loading=\"lazy\" srcset=\"http:\/\/alpine-mineralien.de\/wp-content\/uploads\/2018\/09\/PREVIEW_114458770144345.jpg 400w, http:\/\/alpine-mineralien.de\/wp-content\/uploads\/2018\/09\/PREVIEW_114458770144345-300x225.jpg 300w\" sizes=\"100vw\" \/><\/a>\n\t\t\t<\/div><\/figure><figure class='gallery-item'>\n\t\t\t<div class='gallery-icon landscape'>\n\t\t\t\t<a href='http:\/\/alpine-mineralien.de\/wp-content\/uploads\/2018\/09\/PREVIEW_114458777155448.jpg'><img width=\"400\" height=\"300\" src=\"http:\/\/alpine-mineralien.de\/wp-content\/uploads\/2018\/09\/PREVIEW_114458777155448.jpg\" class=\"attachment-full size-full\" alt=\"\" loading=\"lazy\" srcset=\"http:\/\/alpine-mineralien.de\/wp-content\/uploads\/2018\/09\/PREVIEW_114458777155448.jpg 400w, http:\/\/alpine-mineralien.de\/wp-content\/uploads\/2018\/09\/PREVIEW_114458777155448-300x225.jpg 300w\" sizes=\"100vw\" \/><\/a>\n\t\t\t<\/div><\/figure>\n\t\t<\/div>\n\n<p>Sehr gro\u00dfe samtbraune Sinterplatte mit mehreren Tropftrichtern (auf Unterseite erkennbar) und ein 13 cm gro\u00dfes &#8222;Nest&#8220; in der Stufenmitte mit bis zu 3,5 cm festgewachsenen H\u00f6hlenperlen sowie einigen losen &#8222;Eiern&#8220; bis ca. 8 mm. Man erkennt eine wieder gel\u00f6ste H\u00f6hlenperle am schneewei\u00dfen Negativabdruck. Auch hier sind sehr gut Flie\u00dfstrukturen zu erkennen, d.h. das die Stufe lange Zeit ca. 1-2 cm unter Wasser stand (siehe auch &#8222;Rand&#8220; an den festen H\u00f6hlenperlen). Am Rand ist ein gr\u00f6\u00dferes St\u00fcck versintertes Grubenholz erkennbar. Eine imposante Schaustufe &#8211; f\u00fcrs Museum oder als Skulptur an die Wand !<\/p>\n<p><em>Another BIG Aragonite plate with a huge 13 cm diameter &#8222;Nest&#8220; with some small loose eggs and big fixed cave-pearls up to 3,5 cm ! Also visible are &#8222;petriefied river systems&#8220; where the cave water run. In addition there is a petriefied piece of wood, which was used in the mine. This mine was run from ca. 1740 &#8211; 1890. A very showy specimen for a museum or to hang it on a wall &#8211; its a nature art !<\/em><\/p>\n<hr \/>\n<p><strong>HP 03 Aragonit xx &#8211; Nest<\/strong> &#8211; <strong>EUR 130,00<\/strong><br \/>\n20 x 17 x 5,5 cm<\/p>\n<p>Kurf\u00fcrstenstollen, Richelsdorfer Gebirge , Hessen \/ Deutschland<\/p>\n<div id='gallery-4' class='gallery galleryid-1457 gallery-columns-3 gallery-size-full'><figure class='gallery-item'>\n\t\t\t<div class='gallery-icon landscape'>\n\t\t\t\t<a href='http:\/\/alpine-mineralien.de\/wp-content\/uploads\/2018\/09\/PREVIEW_114467125834769.jpg'><img width=\"400\" height=\"300\" src=\"http:\/\/alpine-mineralien.de\/wp-content\/uploads\/2018\/09\/PREVIEW_114467125834769.jpg\" class=\"attachment-full size-full\" alt=\"\" loading=\"lazy\" srcset=\"http:\/\/alpine-mineralien.de\/wp-content\/uploads\/2018\/09\/PREVIEW_114467125834769.jpg 400w, http:\/\/alpine-mineralien.de\/wp-content\/uploads\/2018\/09\/PREVIEW_114467125834769-300x225.jpg 300w\" sizes=\"100vw\" \/><\/a>\n\t\t\t<\/div><\/figure><figure class='gallery-item'>\n\t\t\t<div class='gallery-icon landscape'>\n\t\t\t\t<a href='http:\/\/alpine-mineralien.de\/wp-content\/uploads\/2018\/09\/PREVIEW_114467139301272.jpg'><img width=\"400\" height=\"300\" src=\"http:\/\/alpine-mineralien.de\/wp-content\/uploads\/2018\/09\/PREVIEW_114467139301272.jpg\" class=\"attachment-full size-full\" alt=\"\" loading=\"lazy\" srcset=\"http:\/\/alpine-mineralien.de\/wp-content\/uploads\/2018\/09\/PREVIEW_114467139301272.jpg 400w, http:\/\/alpine-mineralien.de\/wp-content\/uploads\/2018\/09\/PREVIEW_114467139301272-300x225.jpg 300w\" sizes=\"100vw\" \/><\/a>\n\t\t\t<\/div><\/figure><figure class='gallery-item'>\n\t\t\t<div class='gallery-icon landscape'>\n\t\t\t\t<a href='http:\/\/alpine-mineralien.de\/wp-content\/uploads\/2018\/09\/PREVIEW_114467165384475.jpg'><img width=\"400\" height=\"300\" src=\"http:\/\/alpine-mineralien.de\/wp-content\/uploads\/2018\/09\/PREVIEW_114467165384475.jpg\" class=\"attachment-full size-full\" alt=\"\" loading=\"lazy\" srcset=\"http:\/\/alpine-mineralien.de\/wp-content\/uploads\/2018\/09\/PREVIEW_114467165384475.jpg 400w, http:\/\/alpine-mineralien.de\/wp-content\/uploads\/2018\/09\/PREVIEW_114467165384475-300x225.jpg 300w\" sizes=\"100vw\" \/><\/a>\n\t\t\t<\/div><\/figure><figure class='gallery-item'>\n\t\t\t<div class='gallery-icon landscape'>\n\t\t\t\t<a href='http:\/\/alpine-mineralien.de\/wp-content\/uploads\/2018\/09\/PREVIEW_114467174303678.jpg'><img width=\"400\" height=\"300\" src=\"http:\/\/alpine-mineralien.de\/wp-content\/uploads\/2018\/09\/PREVIEW_114467174303678.jpg\" class=\"attachment-full size-full\" alt=\"\" loading=\"lazy\" srcset=\"http:\/\/alpine-mineralien.de\/wp-content\/uploads\/2018\/09\/PREVIEW_114467174303678.jpg 400w, http:\/\/alpine-mineralien.de\/wp-content\/uploads\/2018\/09\/PREVIEW_114467174303678-300x225.jpg 300w\" sizes=\"100vw\" \/><\/a>\n\t\t\t<\/div><\/figure>\n\t\t<\/div>\n\n<p>Gro\u00dfes, scheewei\u00dfes &#8222;Nest&#8220;, aber ohne von oben erkennbare &#8222;Eier&#8220;. Das Nest war in der Sp\u00e4tphase der Bildung Komplett unter Wasser, daher sind alle Eier mit kleiner skalenoedrischen Aragonit xx (ca. 1-2 mm) \u00fcberwachsen. Das gesamte Nest ist mit xx ausgef\u00fcllt. Der glatte Rand zeigt die Wasserstandslinie. Auf der Unterseite sind zahlreiche kleine wei\u00dfe H\u00f6hlenperlen erkennbar. Ein hochinteressantes St\u00fcck, dass mehrere Wachsrtumsphasen vereint. Fund von 1977.<\/p>\n<p><em>A &#8222;Nest&#8220; without visible eggs, but it is a Nest: in the latest phase during the genesis, the Nest was under water and the complete Nest was filled with 1-2 mm white Aragonite xx &#8211; except the lateral areas, which shows the waterlevel. On the backside are dozens of small white fixed cave-pearls. This piece shows two stages of growing- very unique.<\/em><\/p>\n","protected":false},"excerpt":{"rendered":"<p>HP 0 H\u00f6hlenperlen &#8211; Birds Nest Aktuell Die wohl gr\u00f6\u00dfte Auswahl hervorragender H\u00f6hlenperlen \/ Vogelnester aus dem Richelsdorfer Bergbaurevier mit Funden aus den sp\u00e4ten 1970- er Jahren. NOW The biggest ever seen offer of the famous Bird`s Nests from the midle age Richelsdorf mining area \/ Germany- collected in the late 1970`s. &#8211; Detail einer &hellip; <\/p>\n<p class=\"link-more\"><a href=\"http:\/\/alpine-mineralien.de\/?page_id=1457\" class=\"more-link\"><span class=\"screen-reader-text\">\u201eH\u00f6hlenperlen \/ Bird`s Nest\u201c<\/span> weiterlesen<\/a><\/p>\n","protected":false},"author":1,"featured_media":0,"parent":0,"menu_order":0,"comment_status":"closed","ping_status":"closed","template":"","meta":[],"_links":{"self":[{"href":"http:\/\/alpine-mineralien.de\/index.php?rest_route=\/wp\/v2\/pages\/1457"}],"collection":[{"href":"http:\/\/alpine-mineralien.de\/index.php?rest_route=\/wp\/v2\/pages"}],"about":[{"href":"http:\/\/alpine-mineralien.de\/index.php?rest_route=\/wp\/v2\/types\/page"}],"author":[{"embeddable":true,"href":"http:\/\/alpine-mineralien.de\/index.php?rest_route=\/wp\/v2\/users\/1"}],"replies":[{"embeddable":true,"href":"http:\/\/alpine-mineralien.de\/index.php?rest_route=%2Fwp%2Fv2%2Fcomments&post=1457"}],"version-history":[{"count":6,"href":"http:\/\/alpine-mineralien.de\/index.php?rest_route=\/wp\/v2\/pages\/1457\/revisions"}],"predecessor-version":[{"id":4284,"href":"http:\/\/alpine-mineralien.de\/index.php?rest_route=\/wp\/v2\/pages\/1457\/revisions\/4284"}],"wp:attachment":[{"href":"http:\/\/alpine-mineralien.de\/index.php?rest_route=%2Fwp%2Fv2%2Fmedia&parent=1457"}],"curies":[{"name":"wp","href":"https:\/\/api.w.org\/{rel}","templated":true}]}}